{"id":154314,"date":"2025-10-13T13:22:40","date_gmt":"2025-10-13T10:22:40","guid":{"rendered":"https:\/\/kingarms.ee\/product\/police-perfect-guard-300-cloud-pipirines-dujos-40-ml\/"},"modified":"2025-10-13T13:25:06","modified_gmt":"2025-10-13T10:25:06","slug":"police-perfect-guard-300-cloud-pipirines-dujos-40-ml","status":"publish","type":"product","link":"https:\/\/kingarms.ee\/lt\/product\/police-perfect-guard-300-cloud-pipirines-dujos-40-ml\/","title":{"rendered":"Police Perfect Guard 300 Cloud pipirin\u0117s dujos 40 ml"},"content":{"rendered":"<p><img loading=\"lazy\" decoding=\"async\" class=\"alignnone size-medium wp-image-154305\" src=\"https:\/\/kingarms.ee\/wp-content\/uploads\/2025\/10\/police-perfect-guard-300-cloud-pepper-gas-40ml-f6af12a1840a464ba6f646ca8c8c7415-8bb523c0-300x300.webp\" alt=\"\" width=\"300\" height=\"300\" srcset=\"https:\/\/kingarms.ee\/wp-content\/uploads\/2025\/10\/police-perfect-guard-300-cloud-pepper-gas-40ml-f6af12a1840a464ba6f646ca8c8c7415-8bb523c0-300x300.webp 300w, https:\/\/kingarms.ee\/wp-content\/uploads\/2025\/10\/police-perfect-guard-300-cloud-pepper-gas-40ml-f6af12a1840a464ba6f646ca8c8c7415-8bb523c0-150x150.webp 150w, https:\/\/kingarms.ee\/wp-content\/uploads\/2025\/10\/police-perfect-guard-300-cloud-pepper-gas-40ml-f6af12a1840a464ba6f646ca8c8c7415-8bb523c0-768x768.webp 768w, https:\/\/kingarms.ee\/wp-content\/uploads\/2025\/10\/police-perfect-guard-300-cloud-pepper-gas-40ml-f6af12a1840a464ba6f646ca8c8c7415-8bb523c0-500x500.webp 500w, https:\/\/kingarms.ee\/wp-content\/uploads\/2025\/10\/police-perfect-guard-300-cloud-pepper-gas-40ml-f6af12a1840a464ba6f646ca8c8c7415-8bb523c0.webp 900w\" sizes=\"auto, (max-width: 300px) 100vw, 300px\" \/><\/p>\n","protected":false},"excerpt":{"rendered":"<p><strong data-start=\"492\" data-end=\"542\">Police Perfect Guard 300 Cloud pipirin\u0117s dujos 40 ml<\/strong> \u2014 kompakti\u0161kas 40 ml \u201ecloud\u201c tipo pipirinis aerozolis (OC) asmeninei savisaugai, sukuriantis pla\u010diai i\u0161sisklaidant\u012f debesis ma\u017eos srities apsaugai; ergonomi\u0161kas korpusas ir saugos dangtelis suma\u017eina atsitiktinio paleidimo rizik\u0105; skirtas tik teis\u0117tai savisaugai \u2014 perskaitykite naudojimo instrukcij\u0105 ir patikrinkite vietos teis\u0117s aktus, nenaudokite prie\u0161 vaikus ar gyv\u016bnus be rimtos prie\u017easties ir elkit\u0117s atsargiai vie\u0161ose vietose.<\/p>\n","protected":false},"featured_media":154309,"template":"","meta":{"_acf_changed":false},"product_brand":[],"product_cat":[1254],"product_tag":[],"class_list":{"0":"post-154314","1":"product","2":"type-product","3":"status-publish","4":"has-post-thumbnail","6":"product_cat-pipiru-purskiklis","8":"first","9":"instock","10":"taxable","11":"shipping-taxable","12":"purchasable","13":"product-type-simple"},"acf":[],"_links":{"self":[{"href":"https:\/\/kingarms.ee\/lt\/wp-json\/wp\/v2\/product\/154314","targetHints":{"allow":["GET"]}}],"collection":[{"href":"https:\/\/kingarms.ee\/lt\/wp-json\/wp\/v2\/product"}],"about":[{"href":"https:\/\/kingarms.ee\/lt\/wp-json\/wp\/v2\/types\/product"}],"wp:featuredmedia":[{"embeddable":true,"href":"https:\/\/kingarms.ee\/lt\/wp-json\/wp\/v2\/media\/154309"}],"wp:attachment":[{"href":"https:\/\/kingarms.ee\/lt\/wp-json\/wp\/v2\/media?parent=154314"}],"wp:term":[{"taxonomy":"product_brand","embeddable":true,"href":"https:\/\/kingarms.ee\/lt\/wp-json\/wp\/v2\/product_brand?post=154314"},{"taxonomy":"product_cat","embeddable":true,"href":"https:\/\/kingarms.ee\/lt\/wp-json\/wp\/v2\/product_cat?post=154314"},{"taxonomy":"product_tag","embeddable":true,"href":"https:\/\/kingarms.ee\/lt\/wp-json\/wp\/v2\/product_tag?post=154314"}],"curies":[{"name":"wp","href":"https:\/\/api.w.org\/{rel}","templated":true}]}}