{"id":154372,"date":"2025-10-13T13:45:08","date_gmt":"2025-10-13T10:45:08","guid":{"rendered":"https:\/\/kingarms.ee\/product\/perfecta-stop-attack-pipirinis-aerozolis-jet-50-ml\/"},"modified":"2025-10-13T14:11:00","modified_gmt":"2025-10-13T11:11:00","slug":"perfecta-stop-attack-pipirinis-aerozolis-jet-50-ml","status":"publish","type":"product","link":"https:\/\/kingarms.ee\/lt\/product\/perfecta-stop-attack-pipirinis-aerozolis-jet-50-ml\/","title":{"rendered":"Perfecta Stop Attack pipirinis aerozolis Jet 50 ml"},"content":{"rendered":"<p><img loading=\"lazy\" decoding=\"async\" class=\"alignnone size-medium wp-image-154362\" src=\"https:\/\/kingarms.ee\/wp-content\/uploads\/2025\/10\/perfecta-stop-attack-pepper-gas-cone-40-ml-68093e6172a24247b7b75218fff6a8f5-544edb44-300x300.webp\" alt=\"\" width=\"300\" height=\"300\" srcset=\"https:\/\/kingarms.ee\/wp-content\/uploads\/2025\/10\/perfecta-stop-attack-pepper-gas-cone-40-ml-68093e6172a24247b7b75218fff6a8f5-544edb44-300x300.webp 300w, https:\/\/kingarms.ee\/wp-content\/uploads\/2025\/10\/perfecta-stop-attack-pepper-gas-cone-40-ml-68093e6172a24247b7b75218fff6a8f5-544edb44-150x150.webp 150w, https:\/\/kingarms.ee\/wp-content\/uploads\/2025\/10\/perfecta-stop-attack-pepper-gas-cone-40-ml-68093e6172a24247b7b75218fff6a8f5-544edb44-768x768.webp 768w, https:\/\/kingarms.ee\/wp-content\/uploads\/2025\/10\/perfecta-stop-attack-pepper-gas-cone-40-ml-68093e6172a24247b7b75218fff6a8f5-544edb44-500x500.webp 500w, https:\/\/kingarms.ee\/wp-content\/uploads\/2025\/10\/perfecta-stop-attack-pepper-gas-cone-40-ml-68093e6172a24247b7b75218fff6a8f5-544edb44.webp 900w\" sizes=\"auto, (max-width: 300px) 100vw, 300px\" \/><\/p>\n","protected":false},"excerpt":{"rendered":"<p><strong data-start=\"445\" data-end=\"489\">Perfecta Stop Attack pipirinis aerozolis Jet 50 ml <\/strong>\u2014 vidutinio dyd\u017eio 50 ml pipirinis aerozolis (OC) su koncentruotu \u201cjet\u201d pur\u0161kimu, skirtas tikslinei savigynai net ir v\u0117juotomis s\u0105lygomis; siauras pur\u0161kimo srautas leid\u017eia tiksliai pataikyti ir greitai neutralizuoti gr\u0117sm\u0119. Ergonomi\u0161kas metalinis korpusas ir saugos dangtelis suma\u017eina atsitiktinio paspaudimo rizik\u0105. Naudoti tik teis\u0117tai savigynai \u2014 perskaitykite instrukcij\u0105 ir laikykit\u0117s vietos teis\u0117s akt\u0173.  <\/p>\n","protected":false},"featured_media":154366,"template":"","meta":{"_acf_changed":false},"product_brand":[],"product_cat":[1254],"product_tag":[],"class_list":{"0":"post-154372","1":"product","2":"type-product","3":"status-publish","4":"has-post-thumbnail","6":"product_cat-pipiru-purskiklis","8":"first","9":"outofstock","10":"taxable","11":"shipping-taxable","12":"purchasable","13":"product-type-simple"},"acf":[],"_links":{"self":[{"href":"https:\/\/kingarms.ee\/lt\/wp-json\/wp\/v2\/product\/154372","targetHints":{"allow":["GET"]}}],"collection":[{"href":"https:\/\/kingarms.ee\/lt\/wp-json\/wp\/v2\/product"}],"about":[{"href":"https:\/\/kingarms.ee\/lt\/wp-json\/wp\/v2\/types\/product"}],"wp:featuredmedia":[{"embeddable":true,"href":"https:\/\/kingarms.ee\/lt\/wp-json\/wp\/v2\/media\/154366"}],"wp:attachment":[{"href":"https:\/\/kingarms.ee\/lt\/wp-json\/wp\/v2\/media?parent=154372"}],"wp:term":[{"taxonomy":"product_brand","embeddable":true,"href":"https:\/\/kingarms.ee\/lt\/wp-json\/wp\/v2\/product_brand?post=154372"},{"taxonomy":"product_cat","embeddable":true,"href":"https:\/\/kingarms.ee\/lt\/wp-json\/wp\/v2\/product_cat?post=154372"},{"taxonomy":"product_tag","embeddable":true,"href":"https:\/\/kingarms.ee\/lt\/wp-json\/wp\/v2\/product_tag?post=154372"}],"curies":[{"name":"wp","href":"https:\/\/api.w.org\/{rel}","templated":true}]}}