{"id":154422,"date":"2025-10-13T14:39:30","date_gmt":"2025-10-13T11:39:30","guid":{"rendered":"https:\/\/kingarms.ee\/product\/gas-ko-pfeffer-jet-100-ml-pipirinis-aerozolis\/"},"modified":"2025-10-13T14:41:35","modified_gmt":"2025-10-13T11:41:35","slug":"gas-ko-pfeffer-jet-100-ml-pipirinis-aerozolis","status":"publish","type":"product","link":"https:\/\/kingarms.ee\/lt\/product\/gas-ko-pfeffer-jet-100-ml-pipirinis-aerozolis\/","title":{"rendered":"Gas KO Pfeffer Jet 100 ml pipirinis aerozolis"},"content":{"rendered":"<p><img loading=\"lazy\" decoding=\"async\" class=\"alignnone size-medium wp-image-154413\" src=\"https:\/\/kingarms.ee\/wp-content\/uploads\/2025\/10\/gas-ko-pfeffer-jet-100-300x300.webp\" alt=\"\" width=\"300\" height=\"300\" srcset=\"https:\/\/kingarms.ee\/wp-content\/uploads\/2025\/10\/gas-ko-pfeffer-jet-100-300x300.webp 300w, https:\/\/kingarms.ee\/wp-content\/uploads\/2025\/10\/gas-ko-pfeffer-jet-100-150x150.webp 150w, https:\/\/kingarms.ee\/wp-content\/uploads\/2025\/10\/gas-ko-pfeffer-jet-100-768x768.webp 768w, https:\/\/kingarms.ee\/wp-content\/uploads\/2025\/10\/gas-ko-pfeffer-jet-100-500x500.webp 500w, https:\/\/kingarms.ee\/wp-content\/uploads\/2025\/10\/gas-ko-pfeffer-jet-100.webp 900w\" sizes=\"auto, (max-width: 300px) 100vw, 300px\" \/><\/p>\n","protected":false},"excerpt":{"rendered":"<p><strong data-start=\"461\" data-end=\"500\">Gas KO Pfeffer Jet 100 ml pipirinis aerozolis <\/strong>\u2014 padidintos talpos 100 ml pipirinis aerozolis (OC) su kryptiniu \u201ejet\u201c pur\u0161kimu, skirtas tiek asmeninei, tiek profesinei savigynai; sukuria galing\u0105 koncentruot\u0105 pur\u0161kimo sraut\u0105, veiksming\u0105 net v\u0117juotomis s\u0105lygomis. Patvarus plastikinis korpusas ir apsauginis dangtelis suma\u017eina atsitiktinio paspaudimo rizik\u0105. Naudoti tik teis\u0117tai savigynai \u2014 perskaitykite instrukcij\u0105 ir laikykit\u0117s vietos teis\u0117s akt\u0173.  <\/p>\n","protected":false},"featured_media":155064,"template":"","meta":{"_acf_changed":false},"product_brand":[],"product_cat":[1254],"product_tag":[],"class_list":{"0":"post-154422","1":"product","2":"type-product","3":"status-publish","4":"has-post-thumbnail","6":"product_cat-pipiru-purskiklis","8":"first","9":"outofstock","10":"taxable","11":"shipping-taxable","12":"purchasable","13":"product-type-simple"},"acf":[],"_links":{"self":[{"href":"https:\/\/kingarms.ee\/lt\/wp-json\/wp\/v2\/product\/154422","targetHints":{"allow":["GET"]}}],"collection":[{"href":"https:\/\/kingarms.ee\/lt\/wp-json\/wp\/v2\/product"}],"about":[{"href":"https:\/\/kingarms.ee\/lt\/wp-json\/wp\/v2\/types\/product"}],"wp:featuredmedia":[{"embeddable":true,"href":"https:\/\/kingarms.ee\/lt\/wp-json\/wp\/v2\/media\/155064"}],"wp:attachment":[{"href":"https:\/\/kingarms.ee\/lt\/wp-json\/wp\/v2\/media?parent=154422"}],"wp:term":[{"taxonomy":"product_brand","embeddable":true,"href":"https:\/\/kingarms.ee\/lt\/wp-json\/wp\/v2\/product_brand?post=154422"},{"taxonomy":"product_cat","embeddable":true,"href":"https:\/\/kingarms.ee\/lt\/wp-json\/wp\/v2\/product_cat?post=154422"},{"taxonomy":"product_tag","embeddable":true,"href":"https:\/\/kingarms.ee\/lt\/wp-json\/wp\/v2\/product_tag?post=154422"}],"curies":[{"name":"wp","href":"https:\/\/api.w.org\/{rel}","templated":true}]}}