{"id":154515,"date":"2025-10-14T20:34:37","date_gmt":"2025-10-14T17:34:37","guid":{"rendered":"https:\/\/kingarms.ee\/product\/daugkartinio-saudymo-arbaleto-pistoletas-tcs3-zalias-mankung\/"},"modified":"2025-10-14T22:25:16","modified_gmt":"2025-10-14T19:25:16","slug":"daugkartinio-saudymo-arbaleto-pistoletas-tcs3-zalias-mankung","status":"publish","type":"product","link":"https:\/\/kingarms.ee\/lt\/product\/daugkartinio-saudymo-arbaleto-pistoletas-tcs3-zalias-mankung\/","title":{"rendered":"Daugkartinio \u0161audymo arbaleto pistoletas TCS3 \u017ealias (ManKung)<br>"},"content":{"rendered":"<p><img loading=\"lazy\" decoding=\"async\" class=\"alignnone size-full wp-image-154502\" src=\"https:\/\/kingarms.ee\/wp-content\/uploads\/2025\/10\/man-kung-self-cocking-multi-shot-recurve-crossbow-sobek-tcs3-80-lbs-green-mk-tcs3g.jpg\" alt=\"\" width=\"1000\" height=\"1000\" srcset=\"https:\/\/kingarms.ee\/wp-content\/uploads\/2025\/10\/man-kung-self-cocking-multi-shot-recurve-crossbow-sobek-tcs3-80-lbs-green-mk-tcs3g.jpg 1000w, https:\/\/kingarms.ee\/wp-content\/uploads\/2025\/10\/man-kung-self-cocking-multi-shot-recurve-crossbow-sobek-tcs3-80-lbs-green-mk-tcs3g-300x300.jpg 300w, https:\/\/kingarms.ee\/wp-content\/uploads\/2025\/10\/man-kung-self-cocking-multi-shot-recurve-crossbow-sobek-tcs3-80-lbs-green-mk-tcs3g-150x150.jpg 150w, https:\/\/kingarms.ee\/wp-content\/uploads\/2025\/10\/man-kung-self-cocking-multi-shot-recurve-crossbow-sobek-tcs3-80-lbs-green-mk-tcs3g-768x768.jpg 768w, https:\/\/kingarms.ee\/wp-content\/uploads\/2025\/10\/man-kung-self-cocking-multi-shot-recurve-crossbow-sobek-tcs3-80-lbs-green-mk-tcs3g-500x500.jpg 500w\" sizes=\"auto, (max-width: 1000px) 100vw, 1000px\" \/><\/p>\n","protected":false},"excerpt":{"rendered":"<p>Daugkartinio \u0161audymo arbaleto pistoletas TCS3 \u017ealias (ManKung)<\/p>\n<p>SOBEK TCS2 sistema.<br \/>\n7 str\u0117li\u0173 d\u0117tuv\u0117.<br \/>\nReguliuojama buo\u017e\u0117.<br \/>\n\u012etempimo j\u0117ga: 80 svar\u0173.<br \/>\nGreitis: 185 FPS.<br \/>\n\u012etempimo ilgis \u2013 optimizuotas galiai.<br \/>\nStiklo pluo\u0161to lankai.<br \/>\nPolimerinis korpusas.<br \/>\nStandartin\u0117 20 mm b\u0117gelio sistema.<br \/>\nLabai patogus \u012ftempimo mechanizmas.<br \/>\nKomplekte nuimama rankena.<br \/>\nPlotis: 42 cm (16,5 colio).<br \/>\nIlgis: 56\u201362 cm (22,5\u201324,4 colio).<br \/>\nSvoris: 1252 g.<br \/>\nSkirtas naudoti tik su 6,5 colio str\u0117l\u0117mis.<br \/>\nPakuot\u0117je \u2013 7 vnt. 6,5 colio str\u0117l\u0117s. Papildomas str\u0117les galima \u012fsigyti pagal poreik\u012f.<br \/>\nSpalva: \u017ealia.<\/p>\n","protected":false},"featured_media":154506,"template":"","meta":{"_acf_changed":false},"product_brand":[],"product_cat":[1152],"product_tag":[],"class_list":{"0":"post-154515","1":"product","2":"type-product","3":"status-publish","4":"has-post-thumbnail","6":"product_cat-skersiniai","8":"first","9":"instock","10":"taxable","11":"shipping-taxable","12":"purchasable","13":"product-type-simple"},"acf":[],"_links":{"self":[{"href":"https:\/\/kingarms.ee\/lt\/wp-json\/wp\/v2\/product\/154515","targetHints":{"allow":["GET"]}}],"collection":[{"href":"https:\/\/kingarms.ee\/lt\/wp-json\/wp\/v2\/product"}],"about":[{"href":"https:\/\/kingarms.ee\/lt\/wp-json\/wp\/v2\/types\/product"}],"wp:featuredmedia":[{"embeddable":true,"href":"https:\/\/kingarms.ee\/lt\/wp-json\/wp\/v2\/media\/154506"}],"wp:attachment":[{"href":"https:\/\/kingarms.ee\/lt\/wp-json\/wp\/v2\/media?parent=154515"}],"wp:term":[{"taxonomy":"product_brand","embeddable":true,"href":"https:\/\/kingarms.ee\/lt\/wp-json\/wp\/v2\/product_brand?post=154515"},{"taxonomy":"product_cat","embeddable":true,"href":"https:\/\/kingarms.ee\/lt\/wp-json\/wp\/v2\/product_cat?post=154515"},{"taxonomy":"product_tag","embeddable":true,"href":"https:\/\/kingarms.ee\/lt\/wp-json\/wp\/v2\/product_tag?post=154515"}],"curies":[{"name":"wp","href":"https:\/\/api.w.org\/{rel}","templated":true}]}}