{"id":155667,"date":"2025-11-11T13:29:53","date_gmt":"2025-11-11T10:29:53","guid":{"rendered":"https:\/\/kingarms.ee\/product\/ziemos-kostiumas-remington-reflex-interchange\/"},"modified":"2025-11-11T13:39:03","modified_gmt":"2025-11-11T10:39:03","slug":"ziemos-kostiumas-remington-reflex-interchange","status":"publish","type":"product","link":"https:\/\/kingarms.ee\/lt\/product\/ziemos-kostiumas-remington-reflex-interchange\/","title":{"rendered":"\u017diemos kostiumas Remington Reflex Interchange"},"content":{"rendered":"","protected":false},"excerpt":{"rendered":"<p><strong data-start=\"1372\" data-end=\"1404\">Remington Reflex Interchange <\/strong>\u2013 tai pa\u017eangus \u017eiemos kostiumas, sukurtas aktyviems \u017evejams ir med\u017eiotojams, veikiantiems at\u0161iauriomis s\u0105lygomis. Daugiapakop\u0117 \u0161ilumos izoliacija i\u0161laiko k\u016bno \u0161ilum\u0105 iki -35 \u00b0C, o kv\u0117puojanti membrana apsaugo nuo v\u0117jo ir dr\u0117gm\u0117s. Nuimama vidin\u0117 striuk\u0117 suteikia galimyb\u0119 naudoti kostium\u0105 ir pereinamuoju laikotarpiu.<br data-start=\"1756\" data-end=\"1759\" \/>Ergonomi\u0161kas kirpimas, reguliuojami rankogaliai bei juosmuo ir sustiprintos vietos garantuoja patogum\u0105 ir ilgaam\u017ei\u0161kum\u0105. <strong data-start=\"1892\" data-end=\"1924\">Remington Reflex Interchange<\/strong> \u2013 tai auk\u0161tos klas\u0117s sprendimas \u017eiemos veiklai, u\u017etikrinantis \u0161ilum\u0105, komfort\u0105 ir laisv\u0119 jud\u0117ti.<\/p>\n","protected":false},"featured_media":155607,"template":"","meta":{"_acf_changed":false},"product_brand":[],"product_cat":[1227],"product_tag":[],"class_list":{"0":"post-155667","1":"product","2":"type-product","3":"status-publish","4":"has-post-thumbnail","6":"product_cat-rinkiniai","8":"first","9":"instock","10":"taxable","11":"shipping-taxable","12":"purchasable","13":"product-type-variable"},"acf":[],"_links":{"self":[{"href":"https:\/\/kingarms.ee\/lt\/wp-json\/wp\/v2\/product\/155667","targetHints":{"allow":["GET"]}}],"collection":[{"href":"https:\/\/kingarms.ee\/lt\/wp-json\/wp\/v2\/product"}],"about":[{"href":"https:\/\/kingarms.ee\/lt\/wp-json\/wp\/v2\/types\/product"}],"wp:featuredmedia":[{"embeddable":true,"href":"https:\/\/kingarms.ee\/lt\/wp-json\/wp\/v2\/media\/155607"}],"wp:attachment":[{"href":"https:\/\/kingarms.ee\/lt\/wp-json\/wp\/v2\/media?parent=155667"}],"wp:term":[{"taxonomy":"product_brand","embeddable":true,"href":"https:\/\/kingarms.ee\/lt\/wp-json\/wp\/v2\/product_brand?post=155667"},{"taxonomy":"product_cat","embeddable":true,"href":"https:\/\/kingarms.ee\/lt\/wp-json\/wp\/v2\/product_cat?post=155667"},{"taxonomy":"product_tag","embeddable":true,"href":"https:\/\/kingarms.ee\/lt\/wp-json\/wp\/v2\/product_tag?post=155667"}],"curies":[{"name":"wp","href":"https:\/\/api.w.org\/{rel}","templated":true}]}}