{"id":155726,"date":"2025-11-11T15:11:16","date_gmt":"2025-11-11T12:11:16","guid":{"rendered":"https:\/\/kingarms.ee\/product\/ziemos-kostiumas-remington-pro-hunting-club-timber\/"},"modified":"2025-11-11T15:24:29","modified_gmt":"2025-11-11T12:24:29","slug":"ziemos-kostiumas-remington-pro-hunting-club-timber","status":"publish","type":"product","link":"https:\/\/kingarms.ee\/lt\/product\/ziemos-kostiumas-remington-pro-hunting-club-timber\/","title":{"rendered":"\u017diemos kostiumas Remington Pro Hunting Club Timber"},"content":{"rendered":"","protected":false},"excerpt":{"rendered":"<p><strong data-start=\"1424\" data-end=\"1461\">Remington Pro Hunting Club Timber<\/strong> \u2013 tai profesionalus \u017eiemos kostiumas med\u017eiotojams ir aktyvaus laisvalaikio m\u0117g\u0117jams. Daugiapakop\u0117 izoliacija u\u017etikrina \u0161ilum\u0105 net iki \u201335 \u00b0C, o kv\u0117puojanti membrana apsaugo nuo dr\u0117gm\u0117s, v\u0117jo ir sniego. Timber-kamuflia\u017eo ra\u0161tas leid\u017eia nat\u016braliai \u012fsilieti \u012f aplink\u0105, suteikdamas geresn\u012f maskavim\u0105 ir estetin\u012f vaizd\u0105.<br data-start=\"1838\" data-end=\"1841\" \/>Ergonomi\u0161kas kirpimas, sustiprintos vietos ties keliais ir alk\u016bn\u0117mis, reguliuojami rankogaliai bei patogios ki\u0161en\u0117s suteikia jud\u0117jimo laisv\u0119 ir funkcionalum\u0105. Remington <strong data-start=\"1964\" data-end=\"2001\">Pro Hunting Club Timber <\/strong>\u2013 tai kokyb\u0117s, komforto ir ilgaam\u017ei\u0161kumo derinys kiekvienam, kuris vertina profesionali\u0105 aprang\u0105 \u017eiemos s\u0105lygomis.<\/p>\n","protected":false},"featured_media":155705,"template":"","meta":{"_acf_changed":false},"product_brand":[],"product_cat":[1227],"product_tag":[],"class_list":{"0":"post-155726","1":"product","2":"type-product","3":"status-publish","4":"has-post-thumbnail","6":"product_cat-rinkiniai","8":"first","9":"instock","10":"taxable","11":"shipping-taxable","12":"purchasable","13":"product-type-variable"},"acf":[],"_links":{"self":[{"href":"https:\/\/kingarms.ee\/lt\/wp-json\/wp\/v2\/product\/155726","targetHints":{"allow":["GET"]}}],"collection":[{"href":"https:\/\/kingarms.ee\/lt\/wp-json\/wp\/v2\/product"}],"about":[{"href":"https:\/\/kingarms.ee\/lt\/wp-json\/wp\/v2\/types\/product"}],"wp:featuredmedia":[{"embeddable":true,"href":"https:\/\/kingarms.ee\/lt\/wp-json\/wp\/v2\/media\/155705"}],"wp:attachment":[{"href":"https:\/\/kingarms.ee\/lt\/wp-json\/wp\/v2\/media?parent=155726"}],"wp:term":[{"taxonomy":"product_brand","embeddable":true,"href":"https:\/\/kingarms.ee\/lt\/wp-json\/wp\/v2\/product_brand?post=155726"},{"taxonomy":"product_cat","embeddable":true,"href":"https:\/\/kingarms.ee\/lt\/wp-json\/wp\/v2\/product_cat?post=155726"},{"taxonomy":"product_tag","embeddable":true,"href":"https:\/\/kingarms.ee\/lt\/wp-json\/wp\/v2\/product_tag?post=155726"}],"curies":[{"name":"wp","href":"https:\/\/api.w.org\/{rel}","templated":true}]}}