{"id":155762,"date":"2025-11-11T15:33:17","date_gmt":"2025-11-11T12:33:17","guid":{"rendered":"https:\/\/kingarms.ee\/product\/ziemos-kostiumas-remington-pro-hunting-club-green-forest\/"},"modified":"2025-11-11T15:44:05","modified_gmt":"2025-11-11T12:44:05","slug":"ziemos-kostiumas-remington-pro-hunting-club-green-forest","status":"publish","type":"product","link":"https:\/\/kingarms.ee\/lt\/product\/ziemos-kostiumas-remington-pro-hunting-club-green-forest\/","title":{"rendered":"\u017diemos kostiumas Remington Pro Hunting Club Green Forest"},"content":{"rendered":"","protected":false},"excerpt":{"rendered":"<p><strong data-start=\"1485\" data-end=\"1528\">Remington Pro Hunting Club Green Forest <\/strong>\u2013 tai profesionalus \u017eiemos kostiumas, skirtas med\u017eiotojams ir \u017evejams, kurie vertina komfort\u0105 ir apsaug\u0105 net at\u0161iauriausiomis s\u0105lygomis. Daugiapakop\u0117 \u0161ilumos izoliacija i\u0161laiko \u0161ilum\u0105 iki \u201335 \u00b0C, o kv\u0117puojanti ir vandeniui atspari membrana neleid\u017eia dr\u0117gmei prasiskverbti. Green Forest kamuflia\u017eas leid\u017eia nat\u016braliai \u012fsilieti \u012f mi\u0161ko aplink\u0105.<br data-start=\"1893\" data-end=\"1896\" \/>Kostiumas turi ergonomi\u0161k\u0105 kirpim\u0105, sustiprintas vietas ties keliais ir alk\u016bn\u0117mis, reguliuojamus rankogalius bei daugyb\u0119 funkcini\u0173 ki\u0161eni\u0173. <strong data-start=\"2019\" data-end=\"2062\">Remington Pro Hunting Club Green Forest <\/strong>u\u017etikrina jud\u0117jimo laisv\u0119, patvarum\u0105 ir stiling\u0105 i\u0161vaizd\u0105 \u2013 puikus pasirinkimas \u0161altai \u017eiemai ir aktyviam poilsiui gamtoje.<\/p>\n","protected":false},"featured_media":155739,"template":"","meta":{"_acf_changed":false},"product_brand":[],"product_cat":[1227],"product_tag":[],"class_list":{"0":"post-155762","1":"product","2":"type-product","3":"status-publish","4":"has-post-thumbnail","6":"product_cat-rinkiniai","8":"first","9":"instock","10":"taxable","11":"shipping-taxable","12":"purchasable","13":"product-type-variable"},"acf":[],"_links":{"self":[{"href":"https:\/\/kingarms.ee\/lt\/wp-json\/wp\/v2\/product\/155762","targetHints":{"allow":["GET"]}}],"collection":[{"href":"https:\/\/kingarms.ee\/lt\/wp-json\/wp\/v2\/product"}],"about":[{"href":"https:\/\/kingarms.ee\/lt\/wp-json\/wp\/v2\/types\/product"}],"wp:featuredmedia":[{"embeddable":true,"href":"https:\/\/kingarms.ee\/lt\/wp-json\/wp\/v2\/media\/155739"}],"wp:attachment":[{"href":"https:\/\/kingarms.ee\/lt\/wp-json\/wp\/v2\/media?parent=155762"}],"wp:term":[{"taxonomy":"product_brand","embeddable":true,"href":"https:\/\/kingarms.ee\/lt\/wp-json\/wp\/v2\/product_brand?post=155762"},{"taxonomy":"product_cat","embeddable":true,"href":"https:\/\/kingarms.ee\/lt\/wp-json\/wp\/v2\/product_cat?post=155762"},{"taxonomy":"product_tag","embeddable":true,"href":"https:\/\/kingarms.ee\/lt\/wp-json\/wp\/v2\/product_tag?post=155762"}],"curies":[{"name":"wp","href":"https:\/\/api.w.org\/{rel}","templated":true}]}}