{"id":155819,"date":"2025-11-11T23:08:01","date_gmt":"2025-11-11T20:08:01","guid":{"rendered":"https:\/\/kingarms.ee\/product\/ziemos-kostiumas-remington-severe-winter\/"},"modified":"2025-11-11T23:18:51","modified_gmt":"2025-11-11T20:18:51","slug":"ziemos-kostiumas-remington-severe-winter","status":"publish","type":"product","link":"https:\/\/kingarms.ee\/lt\/product\/ziemos-kostiumas-remington-severe-winter\/","title":{"rendered":"\u017diemos kostiumas Remington &#8220;Severe Winter&#8221;"},"content":{"rendered":"","protected":false},"excerpt":{"rendered":"<p><strong data-start=\"1305\" data-end=\"1334\">Remington \u201cSevere Winter\u201d <\/strong>\u2013 tai \u017eiemos kostiumas, skirtas ekstremalioms \u0161al\u010dio s\u0105lygoms. Daugiapakop\u0117 \u0161ilumos izoliacija u\u017etikrina patogum\u0105 ir \u0161ilum\u0105 iki \u201340 \u00b0C, o vandeniui atspari ir kv\u0117puojanti membrana apsaugo nuo v\u0117jo, sniego ir dr\u0117gm\u0117s. Patvarus i\u0161orinis audinys atsparus dilimui ir u\u017e\u0161alimui, tod\u0117l kostiumas i\u0161lieka patikimas net sunkiausiomis s\u0105lygomis.<br data-start=\"1693\" data-end=\"1696\" \/>Ergonomi\u0161kas kirpimas, reguliuojami rankogaliai ir nuimamas gobtuvas leid\u017eia laisvai jud\u0117ti ir i\u0161laikyti komfort\u0105. <strong data-start=\"1857\" data-end=\"1886\">Remington \u201cSevere Winter\u201d <\/strong>\u2013 profesionalus pasirinkimas tiems, kurie dirba ar leid\u017eia laik\u0105 lauke net esant stipriam \u0161al\u010diui.<\/p>\n","protected":false},"featured_media":155778,"template":"","meta":{"_acf_changed":false},"product_brand":[],"product_cat":[1227],"product_tag":[],"class_list":{"0":"post-155819","1":"product","2":"type-product","3":"status-publish","4":"has-post-thumbnail","6":"product_cat-rinkiniai","8":"first","9":"instock","10":"taxable","11":"shipping-taxable","12":"purchasable","13":"product-type-variable"},"acf":[],"_links":{"self":[{"href":"https:\/\/kingarms.ee\/lt\/wp-json\/wp\/v2\/product\/155819","targetHints":{"allow":["GET"]}}],"collection":[{"href":"https:\/\/kingarms.ee\/lt\/wp-json\/wp\/v2\/product"}],"about":[{"href":"https:\/\/kingarms.ee\/lt\/wp-json\/wp\/v2\/types\/product"}],"wp:featuredmedia":[{"embeddable":true,"href":"https:\/\/kingarms.ee\/lt\/wp-json\/wp\/v2\/media\/155778"}],"wp:attachment":[{"href":"https:\/\/kingarms.ee\/lt\/wp-json\/wp\/v2\/media?parent=155819"}],"wp:term":[{"taxonomy":"product_brand","embeddable":true,"href":"https:\/\/kingarms.ee\/lt\/wp-json\/wp\/v2\/product_brand?post=155819"},{"taxonomy":"product_cat","embeddable":true,"href":"https:\/\/kingarms.ee\/lt\/wp-json\/wp\/v2\/product_cat?post=155819"},{"taxonomy":"product_tag","embeddable":true,"href":"https:\/\/kingarms.ee\/lt\/wp-json\/wp\/v2\/product_tag?post=155819"}],"curies":[{"name":"wp","href":"https:\/\/api.w.org\/{rel}","templated":true}]}}