{"id":155886,"date":"2025-11-11T23:29:05","date_gmt":"2025-11-11T20:29:05","guid":{"rendered":"https:\/\/kingarms.ee\/product\/medziokles-kostiumas-remington-hunter-innovation\/"},"modified":"2025-11-11T23:38:45","modified_gmt":"2025-11-11T20:38:45","slug":"medziokles-kostiumas-remington-hunter-innovation","status":"publish","type":"product","link":"https:\/\/kingarms.ee\/lt\/product\/medziokles-kostiumas-remington-hunter-innovation\/","title":{"rendered":"Med\u017eiokl\u0117s kostiumas Remington &#8220;Hunter Innovation&#8221;"},"content":{"rendered":"","protected":false},"excerpt":{"rendered":"<p><strong data-start=\"1450\" data-end=\"1483\">Remington &#8220;Hunter Innovation&#8221; <\/strong>\u2013 tai modernus med\u017eiokl\u0117s kostiumas, u\u017etikrinantis komfort\u0105, patikimum\u0105 ir apsaug\u0105 bet kokiomis s\u0105lygomis. Lengvas, kv\u0117puojantis ir vandeniui atsparus audinys apsaugo nuo v\u0117jo bei dr\u0117gm\u0117s, i\u0161laikydamas \u0161ilum\u0105 ir jud\u0117jimo laisv\u0119. Nat\u016bralus kamuflia\u017eo ra\u0161tas leid\u017eia puikiai susilieti su mi\u0161ko aplinka.<br data-start=\"1829\" data-end=\"1832\">Kostiumas turi ergonomi\u0161k\u0105 kirpim\u0105, sustiprintus si\u016bles ir reguliuojamus rankogalius, tod\u0117l tinka tiek aktyviai med\u017eioklei, tiek ilgam buvimui gamtoje. <strong data-start=\"1962\" data-end=\"1995\">Remington &#8220;Hunter Innovation&#8221; <\/strong>\u2013 tai naujos kartos apranga, derinanti technologij\u0105, funkcionalum\u0105 ir \u0161iuolaikin\u012f dizain\u0105.  <\/p>\n","protected":false},"featured_media":155835,"template":"","meta":{"_acf_changed":false},"product_brand":[],"product_cat":[1227],"product_tag":[],"class_list":{"0":"post-155886","1":"product","2":"type-product","3":"status-publish","4":"has-post-thumbnail","6":"product_cat-rinkiniai","8":"first","9":"instock","10":"taxable","11":"shipping-taxable","12":"purchasable","13":"product-type-variable"},"acf":[],"_links":{"self":[{"href":"https:\/\/kingarms.ee\/lt\/wp-json\/wp\/v2\/product\/155886","targetHints":{"allow":["GET"]}}],"collection":[{"href":"https:\/\/kingarms.ee\/lt\/wp-json\/wp\/v2\/product"}],"about":[{"href":"https:\/\/kingarms.ee\/lt\/wp-json\/wp\/v2\/types\/product"}],"wp:featuredmedia":[{"embeddable":true,"href":"https:\/\/kingarms.ee\/lt\/wp-json\/wp\/v2\/media\/155835"}],"wp:attachment":[{"href":"https:\/\/kingarms.ee\/lt\/wp-json\/wp\/v2\/media?parent=155886"}],"wp:term":[{"taxonomy":"product_brand","embeddable":true,"href":"https:\/\/kingarms.ee\/lt\/wp-json\/wp\/v2\/product_brand?post=155886"},{"taxonomy":"product_cat","embeddable":true,"href":"https:\/\/kingarms.ee\/lt\/wp-json\/wp\/v2\/product_cat?post=155886"},{"taxonomy":"product_tag","embeddable":true,"href":"https:\/\/kingarms.ee\/lt\/wp-json\/wp\/v2\/product_tag?post=155886"}],"curies":[{"name":"wp","href":"https:\/\/api.w.org\/{rel}","templated":true}]}}