{"id":155992,"date":"2025-11-12T00:14:37","date_gmt":"2025-11-11T21:14:37","guid":{"rendered":"https:\/\/kingarms.ee\/product\/ziemos-kostiumas-remington-men-shadow-brown\/"},"modified":"2025-11-12T00:22:18","modified_gmt":"2025-11-11T21:22:18","slug":"ziemos-kostiumas-remington-men-shadow-brown","status":"publish","type":"product","link":"https:\/\/kingarms.ee\/lt\/product\/ziemos-kostiumas-remington-men-shadow-brown\/","title":{"rendered":"\u017diemos kostiumas Remington Men Shadow Brown"},"content":{"rendered":"","protected":false},"excerpt":{"rendered":"<p><strong data-start=\"1404\" data-end=\"1434\">Remington Men Shadow Brown<\/strong> \u2013 tai stilingas ir patvarus \u017eiemos kostiumas vyrams, ie\u0161kantiems \u0161ilumos, apsaugos ir komforto. Daugiasluoksn\u0117 \u0161ilumin\u0117 izoliacija suteikia \u0161ilum\u0105 iki \u201330 \u00b0C, o kv\u0117puojanti, vandeniui atspari membrana saugo nuo dr\u0117gm\u0117s ir v\u0117jo. Rudas atspalvis Shadow Brown puikiai dera su gamtos spalvomis, tod\u0117l \u0161is kostiumas tinka tiek med\u017eioklei, tiek kasdieniam d\u0117v\u0117jimui.<\/p>\n<p>  <br data-start=\"1838\" data-end=\"1841\">Kostiumas turi ergonomi\u0161k\u0105 kirpim\u0105, nuimam\u0105 gobtuv\u0105, sustiprintas vietas ties keliais ir alk\u016bn\u0117mis bei kelias prakti\u0161kas ki\u0161enes.<strong data-start=\"2016\" data-end=\"2046\"> Remington Men Shadow Brown<\/strong> sujungia \u0161iuolaikin\u012f dizain\u0105, technines savybes ir patikim\u0105 apsaug\u0105 \u017eiem\u0105. <\/p>\n","protected":false},"featured_media":155948,"template":"","meta":{"_acf_changed":false},"product_brand":[],"product_cat":[1227],"product_tag":[],"class_list":{"0":"post-155992","1":"product","2":"type-product","3":"status-publish","4":"has-post-thumbnail","6":"product_cat-rinkiniai","8":"first","9":"instock","10":"taxable","11":"shipping-taxable","12":"purchasable","13":"product-type-variable"},"acf":[],"_links":{"self":[{"href":"https:\/\/kingarms.ee\/lt\/wp-json\/wp\/v2\/product\/155992","targetHints":{"allow":["GET"]}}],"collection":[{"href":"https:\/\/kingarms.ee\/lt\/wp-json\/wp\/v2\/product"}],"about":[{"href":"https:\/\/kingarms.ee\/lt\/wp-json\/wp\/v2\/types\/product"}],"wp:featuredmedia":[{"embeddable":true,"href":"https:\/\/kingarms.ee\/lt\/wp-json\/wp\/v2\/media\/155948"}],"wp:attachment":[{"href":"https:\/\/kingarms.ee\/lt\/wp-json\/wp\/v2\/media?parent=155992"}],"wp:term":[{"taxonomy":"product_brand","embeddable":true,"href":"https:\/\/kingarms.ee\/lt\/wp-json\/wp\/v2\/product_brand?post=155992"},{"taxonomy":"product_cat","embeddable":true,"href":"https:\/\/kingarms.ee\/lt\/wp-json\/wp\/v2\/product_cat?post=155992"},{"taxonomy":"product_tag","embeddable":true,"href":"https:\/\/kingarms.ee\/lt\/wp-json\/wp\/v2\/product_tag?post=155992"}],"curies":[{"name":"wp","href":"https:\/\/api.w.org\/{rel}","templated":true}]}}