{"id":156030,"date":"2025-11-12T00:35:18","date_gmt":"2025-11-11T21:35:18","guid":{"rendered":"https:\/\/kingarms.ee\/product\/ziemos-kostiumas-remington-fishing-champion\/"},"modified":"2025-11-12T00:40:39","modified_gmt":"2025-11-11T21:40:39","slug":"ziemos-kostiumas-remington-fishing-champion","status":"publish","type":"product","link":"https:\/\/kingarms.ee\/lt\/product\/ziemos-kostiumas-remington-fishing-champion\/","title":{"rendered":"\u017diemos kostiumas Remington Fishing Champion"},"content":{"rendered":"","protected":false},"excerpt":{"rendered":"<p><strong data-start=\"1340\" data-end=\"1370\">Remington Fishing Champion<\/strong> \u2013 tai profesionalus \u017eiemos kostiumas \u017evejams, u\u017etikrinantis \u0161ilum\u0105, patogum\u0105 ir apsaug\u0105 net at\u0161iauriausiomis s\u0105lygomis. Daugiapakop\u0117 izoliacija palaiko komfort\u0105 iki \u201335 \u00b0C, o kv\u0117puojanti, vandeniui atspari membrana saugo nuo dr\u0117gm\u0117s ir v\u0117jo. Ergonomi\u0161kas kirpimas leid\u017eia laisvai jud\u0117ti tiek ant ledo, tiek valtyje ar krante.<br data-start=\"1747\" data-end=\"1750\">Sustiprintos kelio ir s\u0117dimosios dalys, reguliuojami rankogaliai bei funkcionalios ki\u0161en\u0117s suteikia patikimumo ir ilgaam\u017ei\u0161kumo. <strong data-start=\"1882\" data-end=\"1912\">Remington Fishing Champion<\/strong> \u2013 tai auk\u0161\u010diausios kokyb\u0117s pasirinkimas \u017evejui, vertinan\u010diam \u0161ilum\u0105, komfort\u0105 ir technologin\u012f prana\u0161um\u0105.  <\/p>\n","protected":false},"featured_media":156005,"template":"","meta":{"_acf_changed":false},"product_brand":[],"product_cat":[1227],"product_tag":[],"class_list":{"0":"post-156030","1":"product","2":"type-product","3":"status-publish","4":"has-post-thumbnail","6":"product_cat-rinkiniai","8":"first","9":"outofstock","10":"taxable","11":"shipping-taxable","12":"purchasable","13":"product-type-variable"},"acf":[],"_links":{"self":[{"href":"https:\/\/kingarms.ee\/lt\/wp-json\/wp\/v2\/product\/156030","targetHints":{"allow":["GET"]}}],"collection":[{"href":"https:\/\/kingarms.ee\/lt\/wp-json\/wp\/v2\/product"}],"about":[{"href":"https:\/\/kingarms.ee\/lt\/wp-json\/wp\/v2\/types\/product"}],"wp:featuredmedia":[{"embeddable":true,"href":"https:\/\/kingarms.ee\/lt\/wp-json\/wp\/v2\/media\/156005"}],"wp:attachment":[{"href":"https:\/\/kingarms.ee\/lt\/wp-json\/wp\/v2\/media?parent=156030"}],"wp:term":[{"taxonomy":"product_brand","embeddable":true,"href":"https:\/\/kingarms.ee\/lt\/wp-json\/wp\/v2\/product_brand?post=156030"},{"taxonomy":"product_cat","embeddable":true,"href":"https:\/\/kingarms.ee\/lt\/wp-json\/wp\/v2\/product_cat?post=156030"},{"taxonomy":"product_tag","embeddable":true,"href":"https:\/\/kingarms.ee\/lt\/wp-json\/wp\/v2\/product_tag?post=156030"}],"curies":[{"name":"wp","href":"https:\/\/api.w.org\/{rel}","templated":true}]}}