{"id":156094,"date":"2025-11-12T00:53:26","date_gmt":"2025-11-11T21:53:26","guid":{"rendered":"https:\/\/kingarms.ee\/product\/ziemos-kostiumas-remington-long-trail-timber\/"},"modified":"2025-11-12T01:00:49","modified_gmt":"2025-11-11T22:00:49","slug":"ziemos-kostiumas-remington-long-trail-timber","status":"publish","type":"product","link":"https:\/\/kingarms.ee\/lt\/product\/ziemos-kostiumas-remington-long-trail-timber\/","title":{"rendered":"\u017diemos kostiumas Remington Long Trail Timber"},"content":{"rendered":"","protected":false},"excerpt":{"rendered":"<p><strong data-start=\"1492\" data-end=\"1523\">Remington Long Trail Timber <\/strong>\u2013 tai \u017eiemos kostiumas, sukurtas aktyviems med\u017eiotojams ir \u017evejams, ie\u0161kantiems \u0161ilumos bei patikimumo. Daugiapakop\u0117 izoliacija u\u017etikrina komfort\u0105 iki \u201335 \u00b0C, o kv\u0117puojanti, vandeniui atspari membrana apsaugo nuo v\u0117jo ir dr\u0117gm\u0117s. Timber kamuflia\u017eas leid\u017eia nat\u016braliai susilieti su mi\u0161ko aplinka.  <br data-start=\"1900\" data-end=\"1903\">Ergonomi\u0161kas kirpimas, nuimamas gobtuvas, sutvirtintos kelio ir alk\u016bni\u0173 sritys bei patogios ki\u0161en\u0117s suteikia laisv\u0119 jud\u0117ti ir funkcionalum\u0105. <strong data-start=\"2086\" data-end=\"2117\">Remington Long Trail Timber <\/strong>\u2013 tai patikimas, \u0161iltas ir patvarus kostiumas, skirtas ilgiems \u017eiemos nuotykiams gamtoje. <\/p>\n","protected":false},"featured_media":156039,"template":"","meta":{"_acf_changed":false},"product_brand":[],"product_cat":[1227],"product_tag":[],"class_list":{"0":"post-156094","1":"product","2":"type-product","3":"status-publish","4":"has-post-thumbnail","6":"product_cat-rinkiniai","8":"first","9":"instock","10":"taxable","11":"shipping-taxable","12":"purchasable","13":"product-type-variable"},"acf":[],"_links":{"self":[{"href":"https:\/\/kingarms.ee\/lt\/wp-json\/wp\/v2\/product\/156094","targetHints":{"allow":["GET"]}}],"collection":[{"href":"https:\/\/kingarms.ee\/lt\/wp-json\/wp\/v2\/product"}],"about":[{"href":"https:\/\/kingarms.ee\/lt\/wp-json\/wp\/v2\/types\/product"}],"wp:featuredmedia":[{"embeddable":true,"href":"https:\/\/kingarms.ee\/lt\/wp-json\/wp\/v2\/media\/156039"}],"wp:attachment":[{"href":"https:\/\/kingarms.ee\/lt\/wp-json\/wp\/v2\/media?parent=156094"}],"wp:term":[{"taxonomy":"product_brand","embeddable":true,"href":"https:\/\/kingarms.ee\/lt\/wp-json\/wp\/v2\/product_brand?post=156094"},{"taxonomy":"product_cat","embeddable":true,"href":"https:\/\/kingarms.ee\/lt\/wp-json\/wp\/v2\/product_cat?post=156094"},{"taxonomy":"product_tag","embeddable":true,"href":"https:\/\/kingarms.ee\/lt\/wp-json\/wp\/v2\/product_tag?post=156094"}],"curies":[{"name":"wp","href":"https:\/\/api.w.org\/{rel}","templated":true}]}}