{"id":156505,"date":"2025-11-13T11:50:51","date_gmt":"2025-11-13T08:50:51","guid":{"rendered":"https:\/\/kingarms.ee\/product\/tarpsezoninis-kostiumas-remington-himalayan-figure\/"},"modified":"2025-11-13T11:56:32","modified_gmt":"2025-11-13T08:56:32","slug":"tarpsezoninis-kostiumas-remington-himalayan-figure","status":"publish","type":"product","link":"https:\/\/kingarms.ee\/lt\/product\/tarpsezoninis-kostiumas-remington-himalayan-figure\/","title":{"rendered":"Tarpsezoninis kostiumas Remington Himalayan Figure"},"content":{"rendered":"","protected":false},"excerpt":{"rendered":"<p><strong data-start=\"1380\" data-end=\"1410\">Remington Himalayan Figure<\/strong> \u2013 tai lengvas, bet tvirtas tarpsezoninis kostiumas, u\u017etikrinantis apsaug\u0105 nuo v\u0117jo, dr\u0117gm\u0117s ir \u0161al\u010dio. Audinys kv\u0117puoja, tod\u0117l palaiko komforti\u0161k\u0105 k\u016bno temperat\u016br\u0105. Kamuflia\u017eo ra\u0161tas \u201eHimalayan Figure\u201c padeda nat\u016braliai susilieti su aplinka, tod\u0117l kostiumas puikiai tinka med\u017eioklei, \u017evejybai ar kelion\u0117ms gamtoje.<br data-start=\"1751\" data-end=\"1754\">Sustiprinti si\u016blai, reguliuojami rankogaliai ir daugyb\u0117 ki\u0161eni\u0173 u\u017etikrina patogum\u0105 bei ilgaam\u017ei\u0161kum\u0105. <strong data-start=\"1858\" data-end=\"1888\">Remington Himalayan Figure<\/strong> \u2013 prakti\u0161kas ir stilingas pasirinkimas tiems, kurie vertina kokyb\u0119 ir laisv\u0119 jud\u0117ti pereinamuoju met\u0173 laiku.  <\/p>\n","protected":false},"featured_media":156439,"template":"","meta":{"_acf_changed":false},"product_brand":[],"product_cat":[1227],"product_tag":[],"class_list":{"0":"post-156505","1":"product","2":"type-product","3":"status-publish","4":"has-post-thumbnail","6":"product_cat-rinkiniai","8":"first","9":"instock","10":"taxable","11":"shipping-taxable","12":"purchasable","13":"product-type-variable"},"acf":[],"_links":{"self":[{"href":"https:\/\/kingarms.ee\/lt\/wp-json\/wp\/v2\/product\/156505","targetHints":{"allow":["GET"]}}],"collection":[{"href":"https:\/\/kingarms.ee\/lt\/wp-json\/wp\/v2\/product"}],"about":[{"href":"https:\/\/kingarms.ee\/lt\/wp-json\/wp\/v2\/types\/product"}],"wp:featuredmedia":[{"embeddable":true,"href":"https:\/\/kingarms.ee\/lt\/wp-json\/wp\/v2\/media\/156439"}],"wp:attachment":[{"href":"https:\/\/kingarms.ee\/lt\/wp-json\/wp\/v2\/media?parent=156505"}],"wp:term":[{"taxonomy":"product_brand","embeddable":true,"href":"https:\/\/kingarms.ee\/lt\/wp-json\/wp\/v2\/product_brand?post=156505"},{"taxonomy":"product_cat","embeddable":true,"href":"https:\/\/kingarms.ee\/lt\/wp-json\/wp\/v2\/product_cat?post=156505"},{"taxonomy":"product_tag","embeddable":true,"href":"https:\/\/kingarms.ee\/lt\/wp-json\/wp\/v2\/product_tag?post=156505"}],"curies":[{"name":"wp","href":"https:\/\/api.w.org\/{rel}","templated":true}]}}