{"id":156592,"date":"2025-11-13T12:35:53","date_gmt":"2025-11-13T09:35:53","guid":{"rendered":"https:\/\/kingarms.ee\/product\/kostiumas-remington-native-habitat-figure\/"},"modified":"2025-11-13T12:41:05","modified_gmt":"2025-11-13T09:41:05","slug":"kostiumas-remington-native-habitat-figure","status":"publish","type":"product","link":"https:\/\/kingarms.ee\/lt\/product\/kostiumas-remington-native-habitat-figure\/","title":{"rendered":"Kostiumas Remington Native Habitat Figure"},"content":{"rendered":"","protected":false},"excerpt":{"rendered":"<p><strong data-start=\"1352\" data-end=\"1387\">Remington Native Habitat Figure<\/strong> \u2013 tai universalus kostiumas, sukurtas med\u017eiotojams, \u017evejams ir aktyvaus laisvalaikio m\u0117g\u0117jams. Lengvas, kv\u0117puojantis ir vandeniui atsparus audinys u\u017etikrina komfort\u0105 bei apsaug\u0105 bet kokiu oru. Kamuflia\u017eo ra\u0161tas \u201eNative Habitat Figure\u201c leid\u017eia nat\u016braliai susilieti su gamta.<br data-start=\"1722\" data-end=\"1725\">Sustiprinti si\u016blai, reguliuojami rankogaliai ir patogios ki\u0161en\u0117s suteikia jud\u0117jimo laisv\u0119 ir patikimum\u0105. <strong data-start=\"1825\" data-end=\"1860\">Remington Native Habitat Figure <\/strong>\u2013 tai funkcionalus ir stilingas sprendimas ie\u0161kantiems kokybi\u0161kos aprangos aktyviam poilsiui gamtoje.  <\/p>\n","protected":false},"featured_media":156554,"template":"","meta":{"_acf_changed":false},"product_brand":[],"product_cat":[1227],"product_tag":[],"class_list":{"0":"post-156592","1":"product","2":"type-product","3":"status-publish","4":"has-post-thumbnail","6":"product_cat-rinkiniai","8":"first","9":"instock","10":"taxable","11":"shipping-taxable","12":"purchasable","13":"product-type-variable"},"acf":[],"_links":{"self":[{"href":"https:\/\/kingarms.ee\/lt\/wp-json\/wp\/v2\/product\/156592","targetHints":{"allow":["GET"]}}],"collection":[{"href":"https:\/\/kingarms.ee\/lt\/wp-json\/wp\/v2\/product"}],"about":[{"href":"https:\/\/kingarms.ee\/lt\/wp-json\/wp\/v2\/types\/product"}],"wp:featuredmedia":[{"embeddable":true,"href":"https:\/\/kingarms.ee\/lt\/wp-json\/wp\/v2\/media\/156554"}],"wp:attachment":[{"href":"https:\/\/kingarms.ee\/lt\/wp-json\/wp\/v2\/media?parent=156592"}],"wp:term":[{"taxonomy":"product_brand","embeddable":true,"href":"https:\/\/kingarms.ee\/lt\/wp-json\/wp\/v2\/product_brand?post=156592"},{"taxonomy":"product_cat","embeddable":true,"href":"https:\/\/kingarms.ee\/lt\/wp-json\/wp\/v2\/product_cat?post=156592"},{"taxonomy":"product_tag","embeddable":true,"href":"https:\/\/kingarms.ee\/lt\/wp-json\/wp\/v2\/product_tag?post=156592"}],"curies":[{"name":"wp","href":"https:\/\/api.w.org\/{rel}","templated":true}]}}