{"id":156657,"date":"2025-11-13T12:56:58","date_gmt":"2025-11-13T09:56:58","guid":{"rendered":"https:\/\/kingarms.ee\/product\/tarpsezoninis-kostiumas-remington-expedition-hunting-khaki\/"},"modified":"2025-11-13T13:02:18","modified_gmt":"2025-11-13T10:02:18","slug":"tarpsezoninis-kostiumas-remington-expedition-hunting-khaki","status":"publish","type":"product","link":"https:\/\/kingarms.ee\/lt\/product\/tarpsezoninis-kostiumas-remington-expedition-hunting-khaki\/","title":{"rendered":"Tarpsezoninis kostiumas Remington Expedition Hunting Khaki"},"content":{"rendered":"","protected":false},"excerpt":{"rendered":"<p><strong data-start=\"1464\" data-end=\"1502\">Remington Expedition Hunting Khaki <\/strong>\u2013 tai tarpsezoninis kostiumas, skirtas aktyviems vyrams, vertinantiems kokyb\u0119 ir patogum\u0105. Lengvas, bet tvirtas audinys apsaugo nuo v\u0117jo ir dr\u0117gm\u0117s, o kv\u0117puojantis pamu\u0161alas palaiko optimali\u0105 temperat\u016br\u0105. Neutralus Khaki atspalvis puikiai dera gamtos aplinkoje ir suteikia klasik\u0105 i\u0161vaizdai.<br data-start=\"1781\" data-end=\"1784\">Sustiprinti si\u016blai, reguliuojami rankogaliai ir patogios ki\u0161en\u0117s u\u017etikrina patikimum\u0105 bei jud\u0117jimo laisv\u0119. Remington Expedition Hunting Khaki \u2013 prakti\u0161kas, stilingas ir universalus pasirinkimas pavasariui bei rudeniui.  <\/p>\n","protected":false},"featured_media":156604,"template":"","meta":{"_acf_changed":false},"product_brand":[],"product_cat":[1227],"product_tag":[],"class_list":{"0":"post-156657","1":"product","2":"type-product","3":"status-publish","4":"has-post-thumbnail","6":"product_cat-rinkiniai","8":"first","9":"instock","10":"taxable","11":"shipping-taxable","12":"purchasable","13":"product-type-variable"},"acf":[],"_links":{"self":[{"href":"https:\/\/kingarms.ee\/lt\/wp-json\/wp\/v2\/product\/156657","targetHints":{"allow":["GET"]}}],"collection":[{"href":"https:\/\/kingarms.ee\/lt\/wp-json\/wp\/v2\/product"}],"about":[{"href":"https:\/\/kingarms.ee\/lt\/wp-json\/wp\/v2\/types\/product"}],"wp:featuredmedia":[{"embeddable":true,"href":"https:\/\/kingarms.ee\/lt\/wp-json\/wp\/v2\/media\/156604"}],"wp:attachment":[{"href":"https:\/\/kingarms.ee\/lt\/wp-json\/wp\/v2\/media?parent=156657"}],"wp:term":[{"taxonomy":"product_brand","embeddable":true,"href":"https:\/\/kingarms.ee\/lt\/wp-json\/wp\/v2\/product_brand?post=156657"},{"taxonomy":"product_cat","embeddable":true,"href":"https:\/\/kingarms.ee\/lt\/wp-json\/wp\/v2\/product_cat?post=156657"},{"taxonomy":"product_tag","embeddable":true,"href":"https:\/\/kingarms.ee\/lt\/wp-json\/wp\/v2\/product_tag?post=156657"}],"curies":[{"name":"wp","href":"https:\/\/api.w.org\/{rel}","templated":true}]}}