{"id":156784,"date":"2025-11-13T13:53:31","date_gmt":"2025-11-13T10:53:31","guid":{"rendered":"https:\/\/kingarms.ee\/product\/kostiumas-remington-mountain-brown\/"},"modified":"2025-11-13T14:00:21","modified_gmt":"2025-11-13T11:00:21","slug":"kostiumas-remington-mountain-brown","status":"publish","type":"product","link":"https:\/\/kingarms.ee\/lt\/product\/kostiumas-remington-mountain-brown\/","title":{"rendered":"Kostiumas Remington Mountain Brown"},"content":{"rendered":"","protected":false},"excerpt":{"rendered":"<p><strong data-start=\"1302\" data-end=\"1330\">Remington Mountain Brown<\/strong> \u2013 tai patvarus ir universalus kostiumas, skirtas med\u017eioklei, \u017evejybai ir \u017eygiams kalnuose ar mi\u0161kuose. Lengvas, v\u0117jui ir vandeniui atsparus audinys u\u017etikrina apsaug\u0105 ir komfort\u0105, o \u0161iltas pamu\u0161alas palaiko maloni\u0105 temperat\u016br\u0105 v\u0117sesniu oru.<br data-start=\"1655\" data-end=\"1658\">Sustiprinti si\u016blai, reguliuojami rankogaliai ir kelios prakti\u0161kos ki\u0161en\u0117s suteikia patogumo bei funkcionalumo. <strong data-start=\"1764\" data-end=\"1792\">Remington Mountain Brown<\/strong> \u2013 tai kokyb\u0117s, technologijos ir nat\u016bralaus stiliaus derinys, puikiai tinkantis aktyviam poilsiui gamtoje.  <\/p>\n","protected":false},"featured_media":156737,"template":"","meta":{"_acf_changed":false},"product_brand":[],"product_cat":[1227],"product_tag":[],"class_list":{"0":"post-156784","1":"product","2":"type-product","3":"status-publish","4":"has-post-thumbnail","6":"product_cat-rinkiniai","8":"first","9":"instock","10":"taxable","11":"shipping-taxable","12":"purchasable","13":"product-type-variable"},"acf":[],"_links":{"self":[{"href":"https:\/\/kingarms.ee\/lt\/wp-json\/wp\/v2\/product\/156784","targetHints":{"allow":["GET"]}}],"collection":[{"href":"https:\/\/kingarms.ee\/lt\/wp-json\/wp\/v2\/product"}],"about":[{"href":"https:\/\/kingarms.ee\/lt\/wp-json\/wp\/v2\/types\/product"}],"wp:featuredmedia":[{"embeddable":true,"href":"https:\/\/kingarms.ee\/lt\/wp-json\/wp\/v2\/media\/156737"}],"wp:attachment":[{"href":"https:\/\/kingarms.ee\/lt\/wp-json\/wp\/v2\/media?parent=156784"}],"wp:term":[{"taxonomy":"product_brand","embeddable":true,"href":"https:\/\/kingarms.ee\/lt\/wp-json\/wp\/v2\/product_brand?post=156784"},{"taxonomy":"product_cat","embeddable":true,"href":"https:\/\/kingarms.ee\/lt\/wp-json\/wp\/v2\/product_cat?post=156784"},{"taxonomy":"product_tag","embeddable":true,"href":"https:\/\/kingarms.ee\/lt\/wp-json\/wp\/v2\/product_tag?post=156784"}],"curies":[{"name":"wp","href":"https:\/\/api.w.org\/{rel}","templated":true}]}}