{"id":156953,"date":"2025-11-13T15:27:05","date_gmt":"2025-11-13T12:27:05","guid":{"rendered":"https:\/\/kingarms.ee\/product\/kostiumas-remington-stalker-renewed-figure\/"},"modified":"2025-11-13T15:31:39","modified_gmt":"2025-11-13T12:31:39","slug":"kostiumas-remington-stalker-renewed-figure","status":"publish","type":"product","link":"https:\/\/kingarms.ee\/lt\/product\/kostiumas-remington-stalker-renewed-figure\/","title":{"rendered":"Kostiumas Remington Stalker Renewed Figure"},"content":{"rendered":"","protected":false},"excerpt":{"rendered":"<p><strong data-start=\"1378\" data-end=\"1414\">Remington Stalker Renewed Figure <\/strong>\u2013 tai atnaujinta populiarios Stalker serijos versija, sukurta med\u017eioklei, \u017evejybai ir aktyviam poilsiui gamtoje. Lengvas, kv\u0117puojantis ir vandeniui atsparus audinys u\u017etikrina apsaug\u0105 nuo v\u0117jo bei lietaus, i\u0161laikydamas jud\u0117jimo laisv\u0119. Figure kamuflia\u017eo ra\u0161tas leid\u017eia nat\u016braliai susilieti su aplinka.<br data-start=\"1708\" data-end=\"1711\">Sustiprinti si\u016blai, reguliuojami rankogaliai ir kelios patogios ki\u0161en\u0117s suteikia patikimumo ir komforto. Remington Stalker Renewed Figure \u2013 tai technologij\u0173, funkcionalumo ir modernaus stiliaus derinys, puikiai tinkantis pereinamajam sezonui.  <\/p>\n","protected":false},"featured_media":156902,"template":"","meta":{"_acf_changed":false},"product_brand":[],"product_cat":[1227],"product_tag":[],"class_list":{"0":"post-156953","1":"product","2":"type-product","3":"status-publish","4":"has-post-thumbnail","6":"product_cat-rinkiniai","8":"first","9":"instock","10":"taxable","11":"shipping-taxable","12":"purchasable","13":"product-type-variable"},"acf":[],"_links":{"self":[{"href":"https:\/\/kingarms.ee\/lt\/wp-json\/wp\/v2\/product\/156953","targetHints":{"allow":["GET"]}}],"collection":[{"href":"https:\/\/kingarms.ee\/lt\/wp-json\/wp\/v2\/product"}],"about":[{"href":"https:\/\/kingarms.ee\/lt\/wp-json\/wp\/v2\/types\/product"}],"wp:featuredmedia":[{"embeddable":true,"href":"https:\/\/kingarms.ee\/lt\/wp-json\/wp\/v2\/media\/156902"}],"wp:attachment":[{"href":"https:\/\/kingarms.ee\/lt\/wp-json\/wp\/v2\/media?parent=156953"}],"wp:term":[{"taxonomy":"product_brand","embeddable":true,"href":"https:\/\/kingarms.ee\/lt\/wp-json\/wp\/v2\/product_brand?post=156953"},{"taxonomy":"product_cat","embeddable":true,"href":"https:\/\/kingarms.ee\/lt\/wp-json\/wp\/v2\/product_cat?post=156953"},{"taxonomy":"product_tag","embeddable":true,"href":"https:\/\/kingarms.ee\/lt\/wp-json\/wp\/v2\/product_tag?post=156953"}],"curies":[{"name":"wp","href":"https:\/\/api.w.org\/{rel}","templated":true}]}}