{"id":157025,"date":"2025-11-13T15:42:38","date_gmt":"2025-11-13T12:42:38","guid":{"rendered":"https:\/\/kingarms.ee\/product\/kostiumas-remington-stalker-renewed-yellow-waterfowl-honeycombs\/"},"modified":"2025-11-13T15:48:26","modified_gmt":"2025-11-13T12:48:26","slug":"kostiumas-remington-stalker-renewed-yellow-waterfowl-honeycombs","status":"publish","type":"product","link":"https:\/\/kingarms.ee\/lt\/product\/kostiumas-remington-stalker-renewed-yellow-waterfowl-honeycombs\/","title":{"rendered":"Kostiumas Remington Stalker Renewed Yellow Waterfowl Honeycombs"},"content":{"rendered":"","protected":false},"excerpt":{"rendered":"<p><strong data-start=\"1586\" data-end=\"1643\">Remington Stalker Renewed Yellow Waterfowl Honeycombs <\/strong>\u2013 tai atnaujintas profesionalus kostiumas, skirtas vandens pauk\u0161\u010di\u0173 med\u017eioklei ir poilsiui dr\u0117gnose vietov\u0117se. Lengvas, kv\u0117puojantis ir visi\u0161kai vandeniui atsparus audinys u\u017etikrina patikim\u0105 apsaug\u0105 nuo v\u0117jo, lietaus ir dr\u0117gm\u0117s. Honeycombs ra\u0161tas su geltonais tonais nat\u016braliai susilieja su pelki\u0173 ir pakran\u010di\u0173 aplinka.<br data-start=\"1956\" data-end=\"1959\">Sustiprinti si\u016blai, reguliuojami rankogaliai ir patogios ki\u0161en\u0117s suteikia komfort\u0105 ir ilgaam\u017ei\u0161kum\u0105. Remington Stalker Renewed Yellow Waterfowl Honeycombs \u2013 tai technologij\u0173, funkcionalumo ir stiliaus derinys, tinkantis profesionaliam med\u017eiotojui.  <\/p>\n","protected":false},"featured_media":156974,"template":"","meta":{"_acf_changed":false},"product_brand":[],"product_cat":[1227],"product_tag":[],"class_list":{"0":"post-157025","1":"product","2":"type-product","3":"status-publish","4":"has-post-thumbnail","6":"product_cat-rinkiniai","8":"first","9":"instock","10":"taxable","11":"shipping-taxable","12":"purchasable","13":"product-type-variable"},"acf":[],"_links":{"self":[{"href":"https:\/\/kingarms.ee\/lt\/wp-json\/wp\/v2\/product\/157025","targetHints":{"allow":["GET"]}}],"collection":[{"href":"https:\/\/kingarms.ee\/lt\/wp-json\/wp\/v2\/product"}],"about":[{"href":"https:\/\/kingarms.ee\/lt\/wp-json\/wp\/v2\/types\/product"}],"wp:featuredmedia":[{"embeddable":true,"href":"https:\/\/kingarms.ee\/lt\/wp-json\/wp\/v2\/media\/156974"}],"wp:attachment":[{"href":"https:\/\/kingarms.ee\/lt\/wp-json\/wp\/v2\/media?parent=157025"}],"wp:term":[{"taxonomy":"product_brand","embeddable":true,"href":"https:\/\/kingarms.ee\/lt\/wp-json\/wp\/v2\/product_brand?post=157025"},{"taxonomy":"product_cat","embeddable":true,"href":"https:\/\/kingarms.ee\/lt\/wp-json\/wp\/v2\/product_cat?post=157025"},{"taxonomy":"product_tag","embeddable":true,"href":"https:\/\/kingarms.ee\/lt\/wp-json\/wp\/v2\/product_tag?post=157025"}],"curies":[{"name":"wp","href":"https:\/\/api.w.org\/{rel}","templated":true}]}}