{"id":157092,"date":"2025-11-13T16:00:54","date_gmt":"2025-11-13T13:00:54","guid":{"rendered":"https:\/\/kingarms.ee\/product\/kostiumas-remington-stalker-renewed-timber\/"},"modified":"2025-11-13T16:06:25","modified_gmt":"2025-11-13T13:06:25","slug":"kostiumas-remington-stalker-renewed-timber","status":"publish","type":"product","link":"https:\/\/kingarms.ee\/lt\/product\/kostiumas-remington-stalker-renewed-timber\/","title":{"rendered":"Kostiumas Remington Stalker Renewed Timber"},"content":{"rendered":"","protected":false},"excerpt":{"rendered":"<p><strong data-start=\"1399\" data-end=\"1435\">Remington Stalker Renewed Timber <\/strong>\u2013 tai atnaujinta populiarios Stalker serijos versija, skirta med\u017eioklei ir aktyviam poilsiui gamtoje. Lengvas, kv\u0117puojantis ir vandeniui atsparus audinys saugo nuo v\u0117jo bei lietaus, o Timber kamuflia\u017eas nat\u016braliai susilieja su mi\u0161ko aplinka.<br data-start=\"1738\" data-end=\"1741\">Sustiprinti si\u016blai, reguliuojami rankogaliai ir keli patog\u016bs ki\u0161eniai suteikia komfort\u0105 ir ilgaam\u017ei\u0161kum\u0105. Remington Stalker Renewed Timber \u2013 tai funkcionalumo, patikimumo ir stiliaus derinys, puikiai tinkantis pavasario bei rudens sezonui.  <\/p>\n","protected":false},"featured_media":157039,"template":"","meta":{"_acf_changed":false},"product_brand":[],"product_cat":[1227],"product_tag":[],"class_list":{"0":"post-157092","1":"product","2":"type-product","3":"status-publish","4":"has-post-thumbnail","6":"product_cat-rinkiniai","8":"first","9":"instock","10":"taxable","11":"shipping-taxable","12":"purchasable","13":"product-type-variable"},"acf":[],"_links":{"self":[{"href":"https:\/\/kingarms.ee\/lt\/wp-json\/wp\/v2\/product\/157092","targetHints":{"allow":["GET"]}}],"collection":[{"href":"https:\/\/kingarms.ee\/lt\/wp-json\/wp\/v2\/product"}],"about":[{"href":"https:\/\/kingarms.ee\/lt\/wp-json\/wp\/v2\/types\/product"}],"wp:featuredmedia":[{"embeddable":true,"href":"https:\/\/kingarms.ee\/lt\/wp-json\/wp\/v2\/media\/157039"}],"wp:attachment":[{"href":"https:\/\/kingarms.ee\/lt\/wp-json\/wp\/v2\/media?parent=157092"}],"wp:term":[{"taxonomy":"product_brand","embeddable":true,"href":"https:\/\/kingarms.ee\/lt\/wp-json\/wp\/v2\/product_brand?post=157092"},{"taxonomy":"product_cat","embeddable":true,"href":"https:\/\/kingarms.ee\/lt\/wp-json\/wp\/v2\/product_cat?post=157092"},{"taxonomy":"product_tag","embeddable":true,"href":"https:\/\/kingarms.ee\/lt\/wp-json\/wp\/v2\/product_tag?post=157092"}],"curies":[{"name":"wp","href":"https:\/\/api.w.org\/{rel}","templated":true}]}}