{"id":157205,"date":"2025-11-13T23:45:11","date_gmt":"2025-11-13T20:45:11","guid":{"rendered":"https:\/\/kingarms.ee\/product\/tarpsezoninis-kostiumas-remington-xm-elite-multicamo\/"},"modified":"2025-11-14T00:06:21","modified_gmt":"2025-11-13T21:06:21","slug":"tarpsezoninis-kostiumas-remington-xm-elite-multicamo","status":"publish","type":"product","link":"https:\/\/kingarms.ee\/lt\/product\/tarpsezoninis-kostiumas-remington-xm-elite-multicamo\/","title":{"rendered":"Tarpsezoninis kostiumas Remington XM Elite Multicamo"},"content":{"rendered":"","protected":false},"excerpt":{"rendered":"<p><strong data-start=\"1497\" data-end=\"1529\">Remington XM Elite Multicamo<\/strong> \u2013 tai auk\u0161\u010diausios klas\u0117s tarpsezoninis kostiumas, sukurtas profesionaliai med\u017eioklei ir aktyviam poilsiui \u012fvairiomis s\u0105lygomis. Lengvas, kv\u0117puojantis ir vandeniui atsparus audinys u\u017etikrina apsaug\u0105 nuo lietaus ir v\u0117jo, i\u0161laikydamas komfort\u0105 ir jud\u0117jimo laisv\u0119. Multicamo ra\u0161tas prisitaiko prie skirting\u0173 aplink\u0173 \u2013 mi\u0161ko, kaln\u0173 ar atvir\u0173 plot\u0173.<br data-start=\"1858\" data-end=\"1861\">Sustiprinti si\u016blai, reguliuojami rankogaliai ir patogios ki\u0161en\u0117s suteikia prakti\u0161kumo ir patikimumo. <strong data-start=\"1962\" data-end=\"1994\">Remington XM Elite Multicamo <\/strong>\u2013 tai pa\u017eangi technologij\u0173, funkcionalumo ir stiliaus sintez\u0117, tinkanti profesionalams ir gamtos entuziastams.  <\/p>\n","protected":false},"featured_media":157176,"template":"","meta":{"_acf_changed":false},"product_brand":[],"product_cat":[1227],"product_tag":[],"class_list":{"0":"post-157205","1":"product","2":"type-product","3":"status-publish","4":"has-post-thumbnail","6":"product_cat-rinkiniai","8":"first","9":"instock","10":"taxable","11":"shipping-taxable","12":"purchasable","13":"product-type-variable"},"acf":[],"_links":{"self":[{"href":"https:\/\/kingarms.ee\/lt\/wp-json\/wp\/v2\/product\/157205","targetHints":{"allow":["GET"]}}],"collection":[{"href":"https:\/\/kingarms.ee\/lt\/wp-json\/wp\/v2\/product"}],"about":[{"href":"https:\/\/kingarms.ee\/lt\/wp-json\/wp\/v2\/types\/product"}],"wp:featuredmedia":[{"embeddable":true,"href":"https:\/\/kingarms.ee\/lt\/wp-json\/wp\/v2\/media\/157176"}],"wp:attachment":[{"href":"https:\/\/kingarms.ee\/lt\/wp-json\/wp\/v2\/media?parent=157205"}],"wp:term":[{"taxonomy":"product_brand","embeddable":true,"href":"https:\/\/kingarms.ee\/lt\/wp-json\/wp\/v2\/product_brand?post=157205"},{"taxonomy":"product_cat","embeddable":true,"href":"https:\/\/kingarms.ee\/lt\/wp-json\/wp\/v2\/product_cat?post=157205"},{"taxonomy":"product_tag","embeddable":true,"href":"https:\/\/kingarms.ee\/lt\/wp-json\/wp\/v2\/product_tag?post=157205"}],"curies":[{"name":"wp","href":"https:\/\/api.w.org\/{rel}","templated":true}]}}