{"id":157279,"date":"2025-11-14T00:11:26","date_gmt":"2025-11-13T21:11:26","guid":{"rendered":"https:\/\/kingarms.ee\/product\/tarpsezoninis-kostiumas-remington-tiger-black\/"},"modified":"2025-11-14T00:14:33","modified_gmt":"2025-11-13T21:14:33","slug":"tarpsezoninis-kostiumas-remington-tiger-black","status":"publish","type":"product","link":"https:\/\/kingarms.ee\/lt\/product\/tarpsezoninis-kostiumas-remington-tiger-black\/","title":{"rendered":"Tarpsezoninis kostiumas Remington Tiger Black"},"content":{"rendered":"","protected":false},"excerpt":{"rendered":"<p><strong data-start=\"1409\" data-end=\"1434\">Remington Tiger Black <\/strong>\u2013 tai stilingas ir funkcionalus tarpsezoninis kostiumas, u\u017etikrinantis apsaug\u0105 ir komfort\u0105 bet kokiomis oro s\u0105lygomis. Lengvas, kv\u0117puojantis ir vandeniui atsparus audinys saugo nuo lietaus ir v\u0117jo, o juodos matin\u0117s detal\u0117s suteikia solid\u017ei\u0105 ir universali\u0105 i\u0161vaizd\u0105.<br data-start=\"1707\" data-end=\"1710\">Sustiprinti si\u016blai, reguliuojami rankogaliai ir kelios patogios ki\u0161en\u0117s suteikia patikimumo ir prakti\u0161kumo. Remington Tiger Black \u2013 tai technologij\u0173, patvarumo ir modernaus dizaino derinys, tinkantis tiek gamtai, tiek kasdieniam d\u0117v\u0117jimui.  <\/p>\n","protected":false},"featured_media":157215,"template":"","meta":{"_acf_changed":false},"product_brand":[],"product_cat":[1227],"product_tag":[],"class_list":{"0":"post-157279","1":"product","2":"type-product","3":"status-publish","4":"has-post-thumbnail","6":"product_cat-rinkiniai","8":"first","9":"instock","10":"taxable","11":"shipping-taxable","12":"purchasable","13":"product-type-variable"},"acf":[],"_links":{"self":[{"href":"https:\/\/kingarms.ee\/lt\/wp-json\/wp\/v2\/product\/157279","targetHints":{"allow":["GET"]}}],"collection":[{"href":"https:\/\/kingarms.ee\/lt\/wp-json\/wp\/v2\/product"}],"about":[{"href":"https:\/\/kingarms.ee\/lt\/wp-json\/wp\/v2\/types\/product"}],"wp:featuredmedia":[{"embeddable":true,"href":"https:\/\/kingarms.ee\/lt\/wp-json\/wp\/v2\/media\/157215"}],"wp:attachment":[{"href":"https:\/\/kingarms.ee\/lt\/wp-json\/wp\/v2\/media?parent=157279"}],"wp:term":[{"taxonomy":"product_brand","embeddable":true,"href":"https:\/\/kingarms.ee\/lt\/wp-json\/wp\/v2\/product_brand?post=157279"},{"taxonomy":"product_cat","embeddable":true,"href":"https:\/\/kingarms.ee\/lt\/wp-json\/wp\/v2\/product_cat?post=157279"},{"taxonomy":"product_tag","embeddable":true,"href":"https:\/\/kingarms.ee\/lt\/wp-json\/wp\/v2\/product_tag?post=157279"}],"curies":[{"name":"wp","href":"https:\/\/api.w.org\/{rel}","templated":true}]}}