{"id":157428,"date":"2025-11-14T01:00:50","date_gmt":"2025-11-13T22:00:50","guid":{"rendered":"https:\/\/kingarms.ee\/product\/tarpsezoninis-kostiumas-remington-fishing-hay-wave\/"},"modified":"2025-11-14T01:04:05","modified_gmt":"2025-11-13T22:04:05","slug":"tarpsezoninis-kostiumas-remington-fishing-hay-wave","status":"publish","type":"product","link":"https:\/\/kingarms.ee\/lt\/product\/tarpsezoninis-kostiumas-remington-fishing-hay-wave\/","title":{"rendered":"Tarpsezoninis kostiumas Remington Fishing Hay Wave"},"content":{"rendered":"","protected":false},"excerpt":{"rendered":"<p data-start=\"1488\" data-end=\"2095\"><strong data-start=\"1488\" data-end=\"1518\">Remington Fishing Hay Wave <\/strong>\u2013 tai tarpsezoninis kostiumas, sukurtas \u017evejams, vertinantiems patikimum\u0105 ir komfort\u0105. Lengvas, kv\u0117puojantis ir vandeniui atsparus audinys apsaugo nuo lietaus bei v\u0117jo, o \u201eHay Wave\u201c ra\u0161tas, \u012fkv\u0117ptas gamtos spalv\u0173, puikiai tinka pakran\u010di\u0173 ir \u0161lap\u017eemi\u0173 vietov\u0117ms.<br data-start=\"1833\" data-end=\"1836\">Sustiprinti si\u016blai, reguliuojami rankogaliai ir patogios ki\u0161en\u0117s suteikia komfort\u0105 ir prakti\u0161kum\u0105. Remington Fishing Hay Wave \u2013 tai technologij\u0173, kokyb\u0117s ir patogumo derinys, skirtas tiek profesionalams, tiek m\u0117g\u0117jams, kurie m\u0117gsta \u017evejoti bet kokiu oru.  <\/p>\n","protected":false},"featured_media":157392,"template":"","meta":{"_acf_changed":false},"product_brand":[],"product_cat":[1227],"product_tag":[],"class_list":{"0":"post-157428","1":"product","2":"type-product","3":"status-publish","4":"has-post-thumbnail","6":"product_cat-rinkiniai","8":"first","9":"instock","10":"taxable","11":"shipping-taxable","12":"purchasable","13":"product-type-variable"},"acf":[],"_links":{"self":[{"href":"https:\/\/kingarms.ee\/lt\/wp-json\/wp\/v2\/product\/157428","targetHints":{"allow":["GET"]}}],"collection":[{"href":"https:\/\/kingarms.ee\/lt\/wp-json\/wp\/v2\/product"}],"about":[{"href":"https:\/\/kingarms.ee\/lt\/wp-json\/wp\/v2\/types\/product"}],"wp:featuredmedia":[{"embeddable":true,"href":"https:\/\/kingarms.ee\/lt\/wp-json\/wp\/v2\/media\/157392"}],"wp:attachment":[{"href":"https:\/\/kingarms.ee\/lt\/wp-json\/wp\/v2\/media?parent=157428"}],"wp:term":[{"taxonomy":"product_brand","embeddable":true,"href":"https:\/\/kingarms.ee\/lt\/wp-json\/wp\/v2\/product_brand?post=157428"},{"taxonomy":"product_cat","embeddable":true,"href":"https:\/\/kingarms.ee\/lt\/wp-json\/wp\/v2\/product_cat?post=157428"},{"taxonomy":"product_tag","embeddable":true,"href":"https:\/\/kingarms.ee\/lt\/wp-json\/wp\/v2\/product_tag?post=157428"}],"curies":[{"name":"wp","href":"https:\/\/api.w.org\/{rel}","templated":true}]}}