{"id":157473,"date":"2025-11-14T16:03:50","date_gmt":"2025-11-14T13:03:50","guid":{"rendered":"https:\/\/kingarms.ee\/product\/tarpsezoninis-kostiumas-remington-fishing-reptile\/"},"modified":"2025-11-14T16:06:57","modified_gmt":"2025-11-14T13:06:57","slug":"tarpsezoninis-kostiumas-remington-fishing-reptile","status":"publish","type":"product","link":"https:\/\/kingarms.ee\/lt\/product\/tarpsezoninis-kostiumas-remington-fishing-reptile\/","title":{"rendered":"Tarpsezoninis kostiumas Remington Fishing Reptile"},"content":{"rendered":"","protected":false},"excerpt":{"rendered":"<p><strong data-start=\"1458\" data-end=\"1487\">Remington Fishing Reptile <\/strong>\u2013 tai modernus tarpsezoninis kostiumas, skirtas \u017evejybai ir aktyviam poilsiui gamtoje. Lengvas, kv\u0117puojantis ir vandeniui atsparus audinys u\u017etikrina apsaug\u0105 nuo v\u0117jo ir lietaus, o Reptile kamuflia\u017eo ra\u0161tas nat\u016braliai susilieja su gamtos aplinka.<br data-start=\"1798\" data-end=\"1801\">Sustiprinti si\u016blai, reguliuojami rankogaliai ir kelios patogios ki\u0161en\u0117s u\u017etikrina patogum\u0105 ir ilgaam\u017ei\u0161kum\u0105. Remington Fishing Reptile \u2013 tai technologij\u0173, prakti\u0161kumo ir komforto derinys, tinkantis profesionalams ir m\u0117g\u0117jams viso sezono metu.  <\/p>\n","protected":false},"featured_media":157440,"template":"","meta":{"_acf_changed":false},"product_brand":[],"product_cat":[1227],"product_tag":[],"class_list":{"0":"post-157473","1":"product","2":"type-product","3":"status-publish","4":"has-post-thumbnail","6":"product_cat-rinkiniai","8":"first","9":"instock","10":"taxable","11":"shipping-taxable","12":"purchasable","13":"product-type-variable"},"acf":[],"_links":{"self":[{"href":"https:\/\/kingarms.ee\/lt\/wp-json\/wp\/v2\/product\/157473","targetHints":{"allow":["GET"]}}],"collection":[{"href":"https:\/\/kingarms.ee\/lt\/wp-json\/wp\/v2\/product"}],"about":[{"href":"https:\/\/kingarms.ee\/lt\/wp-json\/wp\/v2\/types\/product"}],"wp:featuredmedia":[{"embeddable":true,"href":"https:\/\/kingarms.ee\/lt\/wp-json\/wp\/v2\/media\/157440"}],"wp:attachment":[{"href":"https:\/\/kingarms.ee\/lt\/wp-json\/wp\/v2\/media?parent=157473"}],"wp:term":[{"taxonomy":"product_brand","embeddable":true,"href":"https:\/\/kingarms.ee\/lt\/wp-json\/wp\/v2\/product_brand?post=157473"},{"taxonomy":"product_cat","embeddable":true,"href":"https:\/\/kingarms.ee\/lt\/wp-json\/wp\/v2\/product_cat?post=157473"},{"taxonomy":"product_tag","embeddable":true,"href":"https:\/\/kingarms.ee\/lt\/wp-json\/wp\/v2\/product_tag?post=157473"}],"curies":[{"name":"wp","href":"https:\/\/api.w.org\/{rel}","templated":true}]}}