{"id":157671,"date":"2025-11-14T17:04:06","date_gmt":"2025-11-14T14:04:06","guid":{"rendered":"https:\/\/kingarms.ee\/product\/tarpsezoninis-kostiumas-remington-stormfront-figure\/"},"modified":"2025-11-14T17:09:29","modified_gmt":"2025-11-14T14:09:29","slug":"tarpsezoninis-kostiumas-remington-stormfront-figure","status":"publish","type":"product","link":"https:\/\/kingarms.ee\/lt\/product\/tarpsezoninis-kostiumas-remington-stormfront-figure\/","title":{"rendered":"Tarpsezoninis kostiumas Remington Stormfront Figure"},"content":{"rendered":"","protected":false},"excerpt":{"rendered":"<p><strong data-start=\"1466\" data-end=\"1497\">Remington Stormfront Figure <\/strong>\u2013 tai patikimas tarpsezoninis kostiumas, sukurtas med\u017eioklei, \u017evejybai ir aktyviam poilsiui gamtoje. Lengvas, kv\u0117puojantis ir vandeniui atsparus audinys u\u017etikrina apsaug\u0105 nuo lietaus ir v\u0117jo, o Figure ra\u0161tas padeda nat\u016braliai susilieti su mi\u0161ko aplinka.<br data-start=\"1798\" data-end=\"1801\">Sustiprinti si\u016blai, reguliuojami rankogaliai ir patogios ki\u0161en\u0117s suteikia prakti\u0161kumo ir ilgaam\u017ei\u0161kumo. Remington Stormfront Figure \u2013 tai technologij\u0173, funkcionalumo ir stiliaus derinys, tinkantis \u012fvairioms oro s\u0105lygoms.  <\/p>\n","protected":false},"featured_media":157619,"template":"","meta":{"_acf_changed":false},"product_brand":[],"product_cat":[1227],"product_tag":[],"class_list":{"0":"post-157671","1":"product","2":"type-product","3":"status-publish","4":"has-post-thumbnail","6":"product_cat-rinkiniai","8":"first","9":"instock","10":"taxable","11":"shipping-taxable","12":"purchasable","13":"product-type-variable"},"acf":[],"_links":{"self":[{"href":"https:\/\/kingarms.ee\/lt\/wp-json\/wp\/v2\/product\/157671","targetHints":{"allow":["GET"]}}],"collection":[{"href":"https:\/\/kingarms.ee\/lt\/wp-json\/wp\/v2\/product"}],"about":[{"href":"https:\/\/kingarms.ee\/lt\/wp-json\/wp\/v2\/types\/product"}],"wp:featuredmedia":[{"embeddable":true,"href":"https:\/\/kingarms.ee\/lt\/wp-json\/wp\/v2\/media\/157619"}],"wp:attachment":[{"href":"https:\/\/kingarms.ee\/lt\/wp-json\/wp\/v2\/media?parent=157671"}],"wp:term":[{"taxonomy":"product_brand","embeddable":true,"href":"https:\/\/kingarms.ee\/lt\/wp-json\/wp\/v2\/product_brand?post=157671"},{"taxonomy":"product_cat","embeddable":true,"href":"https:\/\/kingarms.ee\/lt\/wp-json\/wp\/v2\/product_cat?post=157671"},{"taxonomy":"product_tag","embeddable":true,"href":"https:\/\/kingarms.ee\/lt\/wp-json\/wp\/v2\/product_tag?post=157671"}],"curies":[{"name":"wp","href":"https:\/\/api.w.org\/{rel}","templated":true}]}}