{"id":157786,"date":"2025-11-14T23:49:13","date_gmt":"2025-11-14T20:49:13","guid":{"rendered":"https:\/\/kingarms.ee\/product\/striuke-remington-feel-good\/"},"modified":"2025-11-14T23:54:35","modified_gmt":"2025-11-14T20:54:35","slug":"striuke-remington-feel-good","status":"publish","type":"product","link":"https:\/\/kingarms.ee\/lt\/product\/striuke-remington-feel-good\/","title":{"rendered":"Striuk\u0117 Remington &#8220;Feel Good&#8221;"},"content":{"rendered":"","protected":false},"excerpt":{"rendered":"<p><strong data-start=\"1315\" data-end=\"1340\">Remington &#8220;Feel Good&#8221; <\/strong>\u2013 tai lengva ir patogi striuk\u0117, sukurta tiek kasdieniam d\u0117v\u0117jimui, tiek aktyviam poilsiui. Kv\u0117puojantis, atsparus v\u0117jui ir dr\u0117gmei audinys u\u017etikrina \u0161ilum\u0105 bei komfort\u0105, o minimalistinis dizainas dera su bet kokiu stiliumi.<br data-start=\"1640\" data-end=\"1643\">Elastingos rankogali\u0173 juostos, reguliuojamas gobtuvas ir u\u017esegamos ki\u0161en\u0117s suteikia patogumo bei prakti\u0161kumo. Remington &#8220;Feel Good&#8221; \u2013 tai kokyb\u0117s, patogumo ir stiliaus derinys, leid\u017eiantis jaustis gerai bet kokiomis oro s\u0105lygomis.  <\/p>\n","protected":false},"featured_media":157759,"template":"","meta":{"_acf_changed":false},"product_brand":[],"product_cat":[1229],"product_tag":[],"class_list":{"0":"post-157786","1":"product","2":"type-product","3":"status-publish","4":"has-post-thumbnail","6":"product_cat-striuke","8":"first","9":"instock","10":"taxable","11":"shipping-taxable","12":"purchasable","13":"product-type-variable"},"acf":[],"_links":{"self":[{"href":"https:\/\/kingarms.ee\/lt\/wp-json\/wp\/v2\/product\/157786","targetHints":{"allow":["GET"]}}],"collection":[{"href":"https:\/\/kingarms.ee\/lt\/wp-json\/wp\/v2\/product"}],"about":[{"href":"https:\/\/kingarms.ee\/lt\/wp-json\/wp\/v2\/types\/product"}],"wp:featuredmedia":[{"embeddable":true,"href":"https:\/\/kingarms.ee\/lt\/wp-json\/wp\/v2\/media\/157759"}],"wp:attachment":[{"href":"https:\/\/kingarms.ee\/lt\/wp-json\/wp\/v2\/media?parent=157786"}],"wp:term":[{"taxonomy":"product_brand","embeddable":true,"href":"https:\/\/kingarms.ee\/lt\/wp-json\/wp\/v2\/product_brand?post=157786"},{"taxonomy":"product_cat","embeddable":true,"href":"https:\/\/kingarms.ee\/lt\/wp-json\/wp\/v2\/product_cat?post=157786"},{"taxonomy":"product_tag","embeddable":true,"href":"https:\/\/kingarms.ee\/lt\/wp-json\/wp\/v2\/product_tag?post=157786"}],"curies":[{"name":"wp","href":"https:\/\/api.w.org\/{rel}","templated":true}]}}