{"id":157827,"date":"2025-11-15T00:12:11","date_gmt":"2025-11-14T21:12:11","guid":{"rendered":"https:\/\/kingarms.ee\/product\/striuke-remington-diamond-quilt-green\/"},"modified":"2025-11-15T00:35:04","modified_gmt":"2025-11-14T21:35:04","slug":"striuke-remington-diamond-quilt-green","status":"publish","type":"product","link":"https:\/\/kingarms.ee\/lt\/product\/striuke-remington-diamond-quilt-green\/","title":{"rendered":"Striuk\u0117 Remington Diamond Quilt Green"},"content":{"rendered":"","protected":false},"excerpt":{"rendered":"<p><strong data-start=\"1400\" data-end=\"1433\">Remington Diamond Quilt Green <\/strong>\u2013 tai eleganti\u0161ka, lengva striuk\u0117 su deimanto formos dygsniavimu, skirta tiems, kurie vertina patogum\u0105 ir klasikin\u012f stili\u0173. Kv\u0117puojantis, nuo v\u0117jo saugantis audinys u\u017etikrina \u0161ilum\u0105 ir komfort\u0105. \u017dalia spalva suteikia nat\u016bral\u0173, subtil\u0173 \u012fvaizd\u012f, tinkant\u012f tiek miestui, tiek gamtai.<br data-start=\"1766\" data-end=\"1769\">U\u017esegamos ki\u0161en\u0117s, elastingi rankogaliai ir mink\u0161tas pamu\u0161alas suteikia papildomo patogumo. Remington Diamond Quilt Green \u2013 tai stiliaus, prakti\u0161kumo ir patvarumo derinys, tinkamas v\u0117sesniems pavasario ir rudens orams.  <\/p>\n","protected":false},"featured_media":157798,"template":"","meta":{"_acf_changed":false},"product_brand":[],"product_cat":[1229],"product_tag":[],"class_list":{"0":"post-157827","1":"product","2":"type-product","3":"status-publish","4":"has-post-thumbnail","6":"product_cat-striuke","8":"first","9":"instock","10":"taxable","11":"shipping-taxable","12":"purchasable","13":"product-type-variable"},"acf":[],"_links":{"self":[{"href":"https:\/\/kingarms.ee\/lt\/wp-json\/wp\/v2\/product\/157827","targetHints":{"allow":["GET"]}}],"collection":[{"href":"https:\/\/kingarms.ee\/lt\/wp-json\/wp\/v2\/product"}],"about":[{"href":"https:\/\/kingarms.ee\/lt\/wp-json\/wp\/v2\/types\/product"}],"wp:featuredmedia":[{"embeddable":true,"href":"https:\/\/kingarms.ee\/lt\/wp-json\/wp\/v2\/media\/157798"}],"wp:attachment":[{"href":"https:\/\/kingarms.ee\/lt\/wp-json\/wp\/v2\/media?parent=157827"}],"wp:term":[{"taxonomy":"product_brand","embeddable":true,"href":"https:\/\/kingarms.ee\/lt\/wp-json\/wp\/v2\/product_brand?post=157827"},{"taxonomy":"product_cat","embeddable":true,"href":"https:\/\/kingarms.ee\/lt\/wp-json\/wp\/v2\/product_cat?post=157827"},{"taxonomy":"product_tag","embeddable":true,"href":"https:\/\/kingarms.ee\/lt\/wp-json\/wp\/v2\/product_tag?post=157827"}],"curies":[{"name":"wp","href":"https:\/\/api.w.org\/{rel}","templated":true}]}}