{"id":157948,"date":"2025-11-15T11:51:01","date_gmt":"2025-11-15T08:51:01","guid":{"rendered":"https:\/\/kingarms.ee\/product\/striuke-remington-horizon-grey\/"},"modified":"2025-11-15T11:55:24","modified_gmt":"2025-11-15T08:55:24","slug":"striuke-remington-horizon-grey","status":"publish","type":"product","link":"https:\/\/kingarms.ee\/lt\/product\/striuke-remington-horizon-grey\/","title":{"rendered":"Striuk\u0117 Remington Horizon Grey"},"content":{"rendered":"","protected":false},"excerpt":{"rendered":"<p><strong data-start=\"1312\" data-end=\"1338\">Remington Horizon Grey <\/strong>\u2013 tai lengva, universali striuk\u0117, sukurta tiek miestui, tiek gamtai. Kv\u0117puojantis, nuo v\u0117jo saugantis audinys u\u017etikrina \u0161ilum\u0105 ir jud\u0117jimo laisv\u0119. Pilkas atspalvis ir minimalistinis dizainas suteikia subtil\u0173, \u0161iuolaiki\u0161k\u0105 \u012fvaizd\u012f.<br data-start=\"1623\" data-end=\"1626\">Reguliuojamas gobtuvas, u\u017esegamos ki\u0161en\u0117s ir elastingos rankogali\u0173 juostos suteikia patogumo. Remington Horizon Grey \u2013 tai funkcionalumo, kokyb\u0117s ir stiliaus derinys, tinkantis kasdieniam d\u0117v\u0117jimui \u012fvairiomis oro s\u0105lygomis.  <\/p>\n","protected":false},"featured_media":157917,"template":"","meta":{"_acf_changed":false},"product_brand":[],"product_cat":[1229],"product_tag":[],"class_list":{"0":"post-157948","1":"product","2":"type-product","3":"status-publish","4":"has-post-thumbnail","6":"product_cat-striuke","8":"first","9":"instock","10":"taxable","11":"shipping-taxable","12":"purchasable","13":"product-type-variable"},"acf":[],"_links":{"self":[{"href":"https:\/\/kingarms.ee\/lt\/wp-json\/wp\/v2\/product\/157948","targetHints":{"allow":["GET"]}}],"collection":[{"href":"https:\/\/kingarms.ee\/lt\/wp-json\/wp\/v2\/product"}],"about":[{"href":"https:\/\/kingarms.ee\/lt\/wp-json\/wp\/v2\/types\/product"}],"wp:featuredmedia":[{"embeddable":true,"href":"https:\/\/kingarms.ee\/lt\/wp-json\/wp\/v2\/media\/157917"}],"wp:attachment":[{"href":"https:\/\/kingarms.ee\/lt\/wp-json\/wp\/v2\/media?parent=157948"}],"wp:term":[{"taxonomy":"product_brand","embeddable":true,"href":"https:\/\/kingarms.ee\/lt\/wp-json\/wp\/v2\/product_brand?post=157948"},{"taxonomy":"product_cat","embeddable":true,"href":"https:\/\/kingarms.ee\/lt\/wp-json\/wp\/v2\/product_cat?post=157948"},{"taxonomy":"product_tag","embeddable":true,"href":"https:\/\/kingarms.ee\/lt\/wp-json\/wp\/v2\/product_tag?post=157948"}],"curies":[{"name":"wp","href":"https:\/\/api.w.org\/{rel}","templated":true}]}}