{"id":157982,"date":"2025-11-15T12:09:57","date_gmt":"2025-11-15T09:09:57","guid":{"rendered":"https:\/\/kingarms.ee\/product\/striuke-remington-3\/"},"modified":"2025-11-15T12:13:11","modified_gmt":"2025-11-15T09:13:11","slug":"striuke-remington-3","status":"publish","type":"product","link":"https:\/\/kingarms.ee\/lt\/product\/striuke-remington-3\/","title":{"rendered":"Striuk\u0117 Remington"},"content":{"rendered":"","protected":false},"excerpt":{"rendered":"<p><strong data-start=\"1169\" data-end=\"1189\">Remington striuk\u0117 <\/strong>\u2013 tai patikimas pasirinkimas ie\u0161kantiems komforto ir apsaugos \u012fvairiomis oro s\u0105lygomis. Lengvas, kv\u0117puojantis ir nuo v\u0117jo saugantis audinys u\u017etikrina jud\u0117jimo laisv\u0119 ir \u0161ilum\u0105. Tinka tiek miestui, tiek aktyviam poilsiui gamtoje.<br data-start=\"1455\" data-end=\"1458\">Reguliuojamas gobtuvas, u\u017esegamos ki\u0161en\u0117s ir tvirti si\u016blai suteikia prakti\u0161kumo ir ilgaam\u017ei\u0161kumo. Remington striuk\u0117 \u2013 tai funkcionalumo, kokyb\u0117s ir \u0161iuolaikinio dizaino derinys.  <\/p>\n","protected":false},"featured_media":157960,"template":"","meta":{"_acf_changed":false},"product_brand":[],"product_cat":[1229],"product_tag":[],"class_list":{"0":"post-157982","1":"product","2":"type-product","3":"status-publish","4":"has-post-thumbnail","6":"product_cat-striuke","8":"first","9":"instock","10":"taxable","11":"shipping-taxable","12":"purchasable","13":"product-type-variable"},"acf":[],"_links":{"self":[{"href":"https:\/\/kingarms.ee\/lt\/wp-json\/wp\/v2\/product\/157982","targetHints":{"allow":["GET"]}}],"collection":[{"href":"https:\/\/kingarms.ee\/lt\/wp-json\/wp\/v2\/product"}],"about":[{"href":"https:\/\/kingarms.ee\/lt\/wp-json\/wp\/v2\/types\/product"}],"wp:featuredmedia":[{"embeddable":true,"href":"https:\/\/kingarms.ee\/lt\/wp-json\/wp\/v2\/media\/157960"}],"wp:attachment":[{"href":"https:\/\/kingarms.ee\/lt\/wp-json\/wp\/v2\/media?parent=157982"}],"wp:term":[{"taxonomy":"product_brand","embeddable":true,"href":"https:\/\/kingarms.ee\/lt\/wp-json\/wp\/v2\/product_brand?post=157982"},{"taxonomy":"product_cat","embeddable":true,"href":"https:\/\/kingarms.ee\/lt\/wp-json\/wp\/v2\/product_cat?post=157982"},{"taxonomy":"product_tag","embeddable":true,"href":"https:\/\/kingarms.ee\/lt\/wp-json\/wp\/v2\/product_tag?post=157982"}],"curies":[{"name":"wp","href":"https:\/\/api.w.org\/{rel}","templated":true}]}}