{"id":158060,"date":"2025-11-19T01:03:48","date_gmt":"2025-11-18T22:03:48","guid":{"rendered":"https:\/\/kingarms.ee\/product\/pcp-rankinis-siurblys-gx-h-4-borner\/"},"modified":"2025-11-19T01:10:04","modified_gmt":"2025-11-18T22:10:04","slug":"pcp-rankinis-siurblys-gx-h-4-borner","status":"publish","type":"product","link":"https:\/\/kingarms.ee\/lt\/product\/pcp-rankinis-siurblys-gx-h-4-borner\/","title":{"rendered":"PCP rankinis siurblys GX-H-4 (Borner)"},"content":{"rendered":"","protected":false},"excerpt":{"rendered":"<p>PCP Hand Pump GX-H-4 (Borner) \u2013 tai auk\u0161to sl\u0117gio rankinis siurblys PCP pneumatini\u0173 \u0161autuv\u0173 balion\u0117liams pildyti susl\u0117gtu oru. Siurblys turi lengvai \u012fskaitom\u0105 manometr\u0105, oro daleli\u0173 filtr\u0105 ir stabili\u0105 sulankstom\u0105 atramin\u0119 plok\u0161t\u0119. Pagrindiniai privalumai \u2013 ma\u017eesn\u0117s PCP \u0161autuvo eksploatavimo i\u0161laidos, mobilumas ir nepriklausomyb\u0117 nuo balion\u0173 pildymo sto\u010di\u0173. \u012e ranken\u0105 integruotas oro sausintuvas pa\u0161alina dr\u0117gm\u0119 i\u0161 oro prie\u0161 jam patenkant \u012f balion\u0117l\u012f, taip apsaugodamas vidines dalis nuo korozijos.<br \/>\nMaksimalus sl\u0117gis: 310 BAR \/ 4500 psi<br \/>\nSulankstoma pagrindo plok\u0161t\u0117 su sausintuvu<br \/>\nSiurbl\u012f galima naudoti nepertraukiamai ilgiau nei 2 valandas esant 200 BAR<br \/>\nI\u0161\u0117jimo sriegis: M10x1<br \/>\nGreito jungimo antgalis: 8 mm <\/p>\n","protected":false},"featured_media":158054,"template":"","meta":{"_acf_changed":false},"product_brand":[],"product_cat":[1146],"product_tag":[],"class_list":{"0":"post-158060","1":"product","2":"type-product","3":"status-publish","4":"has-post-thumbnail","6":"product_cat-pcp-hpa-lt","8":"first","9":"instock","10":"taxable","11":"shipping-taxable","12":"purchasable","13":"product-type-simple"},"acf":[],"_links":{"self":[{"href":"https:\/\/kingarms.ee\/lt\/wp-json\/wp\/v2\/product\/158060","targetHints":{"allow":["GET"]}}],"collection":[{"href":"https:\/\/kingarms.ee\/lt\/wp-json\/wp\/v2\/product"}],"about":[{"href":"https:\/\/kingarms.ee\/lt\/wp-json\/wp\/v2\/types\/product"}],"wp:featuredmedia":[{"embeddable":true,"href":"https:\/\/kingarms.ee\/lt\/wp-json\/wp\/v2\/media\/158054"}],"wp:attachment":[{"href":"https:\/\/kingarms.ee\/lt\/wp-json\/wp\/v2\/media?parent=158060"}],"wp:term":[{"taxonomy":"product_brand","embeddable":true,"href":"https:\/\/kingarms.ee\/lt\/wp-json\/wp\/v2\/product_brand?post=158060"},{"taxonomy":"product_cat","embeddable":true,"href":"https:\/\/kingarms.ee\/lt\/wp-json\/wp\/v2\/product_cat?post=158060"},{"taxonomy":"product_tag","embeddable":true,"href":"https:\/\/kingarms.ee\/lt\/wp-json\/wp\/v2\/product_tag?post=158060"}],"curies":[{"name":"wp","href":"https:\/\/api.w.org\/{rel}","templated":true}]}}