{"id":158293,"date":"2025-12-08T12:08:22","date_gmt":"2025-12-08T09:08:22","guid":{"rendered":"https:\/\/kingarms.ee\/product\/remington-swat-juoda-striuke\/"},"modified":"2025-12-08T12:11:13","modified_gmt":"2025-12-08T09:11:13","slug":"remington-swat-juoda-striuke","status":"publish","type":"product","link":"https:\/\/kingarms.ee\/lt\/product\/remington-swat-juoda-striuke\/","title":{"rendered":"Remington Swat juoda striuk\u0117"},"content":{"rendered":"","protected":false},"excerpt":{"rendered":"<p>Remington Swat juoda striuk\u0117 \u2013 tai universali taktin\u0117 apranga, sukurta aktyviam naudojimui mieste, \u0161audykloje ir esant permainingoms oro s\u0105lygoms. Patvari ir atspari med\u017eiaga saugo nuo v\u0117jo bei lengvo lietaus, kartu suteikdama komfort\u0105 ir jud\u0117jimo laisv\u0119. Apgalvota ki\u0161eni\u0173 sistema leid\u017eia patogiai susid\u0117ti reikalingus daiktus, o anatominis kirpimas u\u017etikrina puik\u0173 prigludim\u0105. Striuk\u0117 tinka med\u017eioklei, \u017evejybai, treniruot\u0117ms lauke ir kasdieniam ne\u0161iojimui. Visai juodas dizainas daro j\u0105 prakti\u0161k\u0105 ir lengvai derinam\u0105 su kita ekipuote.    <\/p>\n","protected":false},"featured_media":158256,"template":"","meta":{"_acf_changed":false},"product_brand":[],"product_cat":[1229],"product_tag":[],"class_list":{"0":"post-158293","1":"product","2":"type-product","3":"status-publish","4":"has-post-thumbnail","6":"product_cat-striuke","8":"first","9":"instock","10":"taxable","11":"shipping-taxable","12":"purchasable","13":"product-type-variable"},"acf":[],"_links":{"self":[{"href":"https:\/\/kingarms.ee\/lt\/wp-json\/wp\/v2\/product\/158293","targetHints":{"allow":["GET"]}}],"collection":[{"href":"https:\/\/kingarms.ee\/lt\/wp-json\/wp\/v2\/product"}],"about":[{"href":"https:\/\/kingarms.ee\/lt\/wp-json\/wp\/v2\/types\/product"}],"wp:featuredmedia":[{"embeddable":true,"href":"https:\/\/kingarms.ee\/lt\/wp-json\/wp\/v2\/media\/158256"}],"wp:attachment":[{"href":"https:\/\/kingarms.ee\/lt\/wp-json\/wp\/v2\/media?parent=158293"}],"wp:term":[{"taxonomy":"product_brand","embeddable":true,"href":"https:\/\/kingarms.ee\/lt\/wp-json\/wp\/v2\/product_brand?post=158293"},{"taxonomy":"product_cat","embeddable":true,"href":"https:\/\/kingarms.ee\/lt\/wp-json\/wp\/v2\/product_cat?post=158293"},{"taxonomy":"product_tag","embeddable":true,"href":"https:\/\/kingarms.ee\/lt\/wp-json\/wp\/v2\/product_tag?post=158293"}],"curies":[{"name":"wp","href":"https:\/\/api.w.org\/{rel}","templated":true}]}}