{"id":158400,"date":"2025-12-08T12:41:49","date_gmt":"2025-12-08T09:41:49","guid":{"rendered":"https:\/\/kingarms.ee\/product\/remington-indigo-striuke\/"},"modified":"2025-12-08T12:46:29","modified_gmt":"2025-12-08T09:46:29","slug":"remington-indigo-striuke","status":"publish","type":"product","link":"https:\/\/kingarms.ee\/lt\/product\/remington-indigo-striuke\/","title":{"rendered":"Remington Indigo striuk\u0117"},"content":{"rendered":"","protected":false},"excerpt":{"rendered":"<p>Remington Indigo striuk\u0117 \u2013 tai stilingas ir prakti\u0161kas pasirinkimas kasdieniam d\u0117v\u0117jimui ir aktyviam laisvalaikiui v\u0117sesniu oru. Lengva, ta\u010diau tvirta med\u017eiaga saugo nuo v\u0117jo ir lengvo lietaus, u\u017etikrindama komfort\u0105 net ilgai d\u0117vint. \u0160iltinanti konstrukcija padeda i\u0161laikyti \u0161ilum\u0105, o ergonomi\u0161kas kirpimas suteikia laisv\u0119 jud\u0117ti. Striuk\u0117 puikiai tinka pasivaik\u0161\u010diojimams, sportui lauke, kelion\u0117ms ir kasdieniam miesto gyvenimui. Keli patog\u016bs ki\u0161eniai leid\u017eia laikyti reikalingus daiktus po ranka. Universalus indigo atspalvis lengvai dera su \u012fvairiais drabu\u017eiais ir ekipuote, suteikdamas modern\u0173 ir ilgaam\u017e\u012f \u012fvaizd\u012f.     <\/p>\n","protected":false},"featured_media":158372,"template":"","meta":{"_acf_changed":false},"product_brand":[],"product_cat":[1229],"product_tag":[],"class_list":{"0":"post-158400","1":"product","2":"type-product","3":"status-publish","4":"has-post-thumbnail","6":"product_cat-striuke","8":"first","9":"instock","10":"taxable","11":"shipping-taxable","12":"purchasable","13":"product-type-variable"},"acf":[],"_links":{"self":[{"href":"https:\/\/kingarms.ee\/lt\/wp-json\/wp\/v2\/product\/158400","targetHints":{"allow":["GET"]}}],"collection":[{"href":"https:\/\/kingarms.ee\/lt\/wp-json\/wp\/v2\/product"}],"about":[{"href":"https:\/\/kingarms.ee\/lt\/wp-json\/wp\/v2\/types\/product"}],"wp:featuredmedia":[{"embeddable":true,"href":"https:\/\/kingarms.ee\/lt\/wp-json\/wp\/v2\/media\/158372"}],"wp:attachment":[{"href":"https:\/\/kingarms.ee\/lt\/wp-json\/wp\/v2\/media?parent=158400"}],"wp:term":[{"taxonomy":"product_brand","embeddable":true,"href":"https:\/\/kingarms.ee\/lt\/wp-json\/wp\/v2\/product_brand?post=158400"},{"taxonomy":"product_cat","embeddable":true,"href":"https:\/\/kingarms.ee\/lt\/wp-json\/wp\/v2\/product_cat?post=158400"},{"taxonomy":"product_tag","embeddable":true,"href":"https:\/\/kingarms.ee\/lt\/wp-json\/wp\/v2\/product_tag?post=158400"}],"curies":[{"name":"wp","href":"https:\/\/api.w.org\/{rel}","templated":true}]}}