{"id":158467,"date":"2025-12-08T12:55:53","date_gmt":"2025-12-08T09:55:53","guid":{"rendered":"https:\/\/kingarms.ee\/product\/remington-patchwork-striuke\/"},"modified":"2025-12-08T13:00:01","modified_gmt":"2025-12-08T10:00:01","slug":"remington-patchwork-striuke","status":"publish","type":"product","link":"https:\/\/kingarms.ee\/lt\/product\/remington-patchwork-striuke\/","title":{"rendered":"Remington Patchwork striuk\u0117"},"content":{"rendered":"","protected":false},"excerpt":{"rendered":"<p>Remington Patchwork striuk\u0117 \u2013 tai stilingas, modernus ir prakti\u0161kas pasirinkimas tiek aktyviam laisvalaikiui, tiek kasdieniam d\u0117v\u0117jimui. Patchwork dizainas sujungia skirtingas tekst\u016bras ir atspalvius, suteikdamas striukei i\u0161skirtin\u012f ir ak\u012f traukiant\u012f vaizd\u0105. Tvirta med\u017eiaga apsaugo nuo v\u0117jo ir lengvo lietaus, i\u0161laikydama jud\u0117jimo laisv\u0119 bei komfort\u0105. \u0160iltinantis vidinis sluoksnis padeda i\u0161laikyti \u0161ilum\u0105 v\u0117sesniu oru, o keli patog\u016bs ki\u0161eniai leid\u017eia pasiimti b\u016btiniausius daiktus. Striuk\u0117 puikiai tinka pasivaik\u0161\u010diojimams, kelion\u0117ms ir aktyviam miesto gyvenimui. Universalus dizainas sujungia funkcionalum\u0105, patvarum\u0105 ir stiling\u0105 i\u0161vaizd\u0105.     <\/p>\n","protected":false},"featured_media":158416,"template":"","meta":{"_acf_changed":false},"product_brand":[],"product_cat":[1229],"product_tag":[],"class_list":{"0":"post-158467","1":"product","2":"type-product","3":"status-publish","4":"has-post-thumbnail","6":"product_cat-striuke","8":"first","9":"instock","10":"taxable","11":"shipping-taxable","12":"purchasable","13":"product-type-variable"},"acf":[],"_links":{"self":[{"href":"https:\/\/kingarms.ee\/lt\/wp-json\/wp\/v2\/product\/158467","targetHints":{"allow":["GET"]}}],"collection":[{"href":"https:\/\/kingarms.ee\/lt\/wp-json\/wp\/v2\/product"}],"about":[{"href":"https:\/\/kingarms.ee\/lt\/wp-json\/wp\/v2\/types\/product"}],"wp:featuredmedia":[{"embeddable":true,"href":"https:\/\/kingarms.ee\/lt\/wp-json\/wp\/v2\/media\/158416"}],"wp:attachment":[{"href":"https:\/\/kingarms.ee\/lt\/wp-json\/wp\/v2\/media?parent=158467"}],"wp:term":[{"taxonomy":"product_brand","embeddable":true,"href":"https:\/\/kingarms.ee\/lt\/wp-json\/wp\/v2\/product_brand?post=158467"},{"taxonomy":"product_cat","embeddable":true,"href":"https:\/\/kingarms.ee\/lt\/wp-json\/wp\/v2\/product_cat?post=158467"},{"taxonomy":"product_tag","embeddable":true,"href":"https:\/\/kingarms.ee\/lt\/wp-json\/wp\/v2\/product_tag?post=158467"}],"curies":[{"name":"wp","href":"https:\/\/api.w.org\/{rel}","templated":true}]}}