{"id":158590,"date":"2025-12-08T13:27:45","date_gmt":"2025-12-08T10:27:45","guid":{"rendered":"https:\/\/kingarms.ee\/product\/remington-raven-ii-yellow-waterfowl-honeycombs-striuke\/"},"modified":"2025-12-08T13:30:51","modified_gmt":"2025-12-08T10:30:51","slug":"remington-raven-ii-yellow-waterfowl-honeycombs-striuke","status":"publish","type":"product","link":"https:\/\/kingarms.ee\/lt\/product\/remington-raven-ii-yellow-waterfowl-honeycombs-striuke\/","title":{"rendered":"Remington Raven II Yellow Waterfowl Honeycombs striuk\u0117"},"content":{"rendered":"","protected":false},"excerpt":{"rendered":"<p>Remington Raven II Yellow Waterfowl Honeycombs striuk\u0117 \u2013 ry\u0161kus ir funkcionalus modelis, sukurtas med\u017eiotojams ir aktyvaus laisvalaikio m\u0117g\u0117jams. Honeycombs maskavimo ra\u0161tas su geltonais akcentais padeda puikiai susilieti su aplinka, ta\u010diau i\u0161lieka pakankamai matomas pa\u010diam d\u0117vin\u010diajam. Atspari, vanden\u012f atstumian\u010dia med\u017eiaga apsaugo nuo v\u0117jo, r\u016bko ir lengvo lietaus, u\u017etikrindama komfort\u0105 \u012fvairiomis s\u0105lygomis. \u0160iltinantis vidinis sluoksnis palaiko k\u016bno \u0161ilum\u0105, o ergonomi\u0161kas kirpimas leid\u017eia laisvai jud\u0117ti vaik\u0161\u010diojant, \u0161audant ar keliaujant ilgesniais takais. Keli prakti\u0161ki ki\u0161eniai suteikia patogi\u0105 viet\u0105 \u012frangai ir aksesuarams. Striuk\u0117 puikiai tinka vandens pauk\u0161\u010di\u0173 med\u017eioklei, \u017evejybai, \u017eygiams ir aktyvioms i\u0161vykoms \u012f gamt\u0105.     <\/p>\n","protected":false},"featured_media":158541,"template":"","meta":{"_acf_changed":false},"product_brand":[],"product_cat":[1229],"product_tag":[],"class_list":{"0":"post-158590","1":"product","2":"type-product","3":"status-publish","4":"has-post-thumbnail","6":"product_cat-striuke","8":"first","9":"instock","10":"taxable","11":"shipping-taxable","12":"purchasable","13":"product-type-variable"},"acf":[],"_links":{"self":[{"href":"https:\/\/kingarms.ee\/lt\/wp-json\/wp\/v2\/product\/158590","targetHints":{"allow":["GET"]}}],"collection":[{"href":"https:\/\/kingarms.ee\/lt\/wp-json\/wp\/v2\/product"}],"about":[{"href":"https:\/\/kingarms.ee\/lt\/wp-json\/wp\/v2\/types\/product"}],"wp:featuredmedia":[{"embeddable":true,"href":"https:\/\/kingarms.ee\/lt\/wp-json\/wp\/v2\/media\/158541"}],"wp:attachment":[{"href":"https:\/\/kingarms.ee\/lt\/wp-json\/wp\/v2\/media?parent=158590"}],"wp:term":[{"taxonomy":"product_brand","embeddable":true,"href":"https:\/\/kingarms.ee\/lt\/wp-json\/wp\/v2\/product_brand?post=158590"},{"taxonomy":"product_cat","embeddable":true,"href":"https:\/\/kingarms.ee\/lt\/wp-json\/wp\/v2\/product_cat?post=158590"},{"taxonomy":"product_tag","embeddable":true,"href":"https:\/\/kingarms.ee\/lt\/wp-json\/wp\/v2\/product_tag?post=158590"}],"curies":[{"name":"wp","href":"https:\/\/api.w.org\/{rel}","templated":true}]}}