{"id":158931,"date":"2025-12-09T10:54:09","date_gmt":"2025-12-09T07:54:09","guid":{"rendered":"https:\/\/kingarms.ee\/product\/remington-alabama-summer-figure-kostiumas\/"},"modified":"2025-12-09T11:04:36","modified_gmt":"2025-12-09T08:04:36","slug":"remington-alabama-summer-figure-kostiumas","status":"publish","type":"product","link":"https:\/\/kingarms.ee\/lt\/product\/remington-alabama-summer-figure-kostiumas\/","title":{"rendered":"Remington Alabama Summer Figure kostiumas"},"content":{"rendered":"","protected":false},"excerpt":{"rendered":"<p>Remington Alabama Summer Figure kostiumas \u2013 lengvas ir kv\u0117puojantis vasarinis komplektas, skirtas med\u017eioklei, \u017evejybai ir aktyviam laisvalaikiui \u0161iltu oru. Med\u017eiaga pasi\u017eymi puikia ventiliacija ir greitu d\u017ei\u016bvimu, tod\u0117l tinka net intensyviai judant ar esant didelei dr\u0117gmei. Figure maskavimo ra\u0161tas padeda nat\u016braliai susilieti su aplinka, suma\u017einant matomum\u0105 \u017ev\u0117rims. Striuk\u0117 ir keln\u0117s turi ergonomi\u0161k\u0105 kirpim\u0105, leid\u017eiant\u012f laisvai jud\u0117ti ir u\u017etikrinant\u012f komfort\u0105 ilgai d\u0117vint. Funkcionalios ki\u0161en\u0117s suteikia vietos reikalingiems daiktams ir \u012frankiams. \u0160is kostiumas yra puikus pasirinkimas vasaros med\u017eioklei, \u017eygiams ir aktyviam gyvenimo b\u016bdui gamtoje.     <\/p>\n","protected":false},"featured_media":158894,"template":"","meta":{"_acf_changed":false},"product_brand":[],"product_cat":[1227],"product_tag":[],"class_list":{"0":"post-158931","1":"product","2":"type-product","3":"status-publish","4":"has-post-thumbnail","6":"product_cat-rinkiniai","8":"first","9":"instock","10":"taxable","11":"shipping-taxable","12":"purchasable","13":"product-type-variable"},"acf":[],"_links":{"self":[{"href":"https:\/\/kingarms.ee\/lt\/wp-json\/wp\/v2\/product\/158931","targetHints":{"allow":["GET"]}}],"collection":[{"href":"https:\/\/kingarms.ee\/lt\/wp-json\/wp\/v2\/product"}],"about":[{"href":"https:\/\/kingarms.ee\/lt\/wp-json\/wp\/v2\/types\/product"}],"wp:featuredmedia":[{"embeddable":true,"href":"https:\/\/kingarms.ee\/lt\/wp-json\/wp\/v2\/media\/158894"}],"wp:attachment":[{"href":"https:\/\/kingarms.ee\/lt\/wp-json\/wp\/v2\/media?parent=158931"}],"wp:term":[{"taxonomy":"product_brand","embeddable":true,"href":"https:\/\/kingarms.ee\/lt\/wp-json\/wp\/v2\/product_brand?post=158931"},{"taxonomy":"product_cat","embeddable":true,"href":"https:\/\/kingarms.ee\/lt\/wp-json\/wp\/v2\/product_cat?post=158931"},{"taxonomy":"product_tag","embeddable":true,"href":"https:\/\/kingarms.ee\/lt\/wp-json\/wp\/v2\/product_tag?post=158931"}],"curies":[{"name":"wp","href":"https:\/\/api.w.org\/{rel}","templated":true}]}}