{"id":158991,"date":"2025-12-09T11:14:15","date_gmt":"2025-12-09T08:14:15","guid":{"rendered":"https:\/\/kingarms.ee\/product\/remington-alabama-summer-yellow-waterfowl-honeycombs-kostiumas\/"},"modified":"2025-12-09T11:17:34","modified_gmt":"2025-12-09T08:17:34","slug":"remington-alabama-summer-yellow-waterfowl-honeycombs-kostiumas","status":"publish","type":"product","link":"https:\/\/kingarms.ee\/lt\/product\/remington-alabama-summer-yellow-waterfowl-honeycombs-kostiumas\/","title":{"rendered":"Remington Alabama Summer Yellow Waterfowl Honeycombs kostiumas"},"content":{"rendered":"","protected":false},"excerpt":{"rendered":"<p>Remington Alabama Summer Yellow Waterfowl Honeycombs kostiumas \u2013 lengvas vasarinis komplektas, sukurtas vandens pauk\u0161\u010di\u0173 med\u017eioklei ir aktyviam laisvalaikiui \u0161iltu oru. Honeycombs maskavimo ra\u0161tas su geltonais akcentais suteikia puik\u0173 maskavim\u0105 nendr\u0117se, auk\u0161toje \u017eol\u0117je ir pakran\u010di\u0173 augmenijoje, suma\u017eindamas matomum\u0105 \u017ev\u0117rims. Plona ir kv\u0117puojanti med\u017eiaga greitai i\u0161garina dr\u0117gm\u0119, spar\u010diai d\u017ei\u016bsta ir saugo nuo perkaitimo aktyviai judant. Striuk\u0117 ir keln\u0117s turi anatomin\u012f kirpim\u0105, leid\u017eiant\u012f laisvai jud\u0117ti einant, \u0161audant ar keliaujant nelygiu reljefu. Funkcionalios ki\u0161en\u0117s suteikia viet\u0105 aksesuarams, \u0161oviniams ir b\u016btiniausiems daiktams. Puikus pasirinkimas vasaros med\u017eioklei, \u017evejybai, \u017eygiams ir gamtos ekspedicijoms.     <\/p>\n","protected":false},"featured_media":158943,"template":"","meta":{"_acf_changed":false},"product_brand":[],"product_cat":[1227],"product_tag":[],"class_list":{"0":"post-158991","1":"product","2":"type-product","3":"status-publish","4":"has-post-thumbnail","6":"product_cat-rinkiniai","8":"first","9":"instock","10":"taxable","11":"shipping-taxable","12":"purchasable","13":"product-type-variable"},"acf":[],"_links":{"self":[{"href":"https:\/\/kingarms.ee\/lt\/wp-json\/wp\/v2\/product\/158991","targetHints":{"allow":["GET"]}}],"collection":[{"href":"https:\/\/kingarms.ee\/lt\/wp-json\/wp\/v2\/product"}],"about":[{"href":"https:\/\/kingarms.ee\/lt\/wp-json\/wp\/v2\/types\/product"}],"wp:featuredmedia":[{"embeddable":true,"href":"https:\/\/kingarms.ee\/lt\/wp-json\/wp\/v2\/media\/158943"}],"wp:attachment":[{"href":"https:\/\/kingarms.ee\/lt\/wp-json\/wp\/v2\/media?parent=158991"}],"wp:term":[{"taxonomy":"product_brand","embeddable":true,"href":"https:\/\/kingarms.ee\/lt\/wp-json\/wp\/v2\/product_brand?post=158991"},{"taxonomy":"product_cat","embeddable":true,"href":"https:\/\/kingarms.ee\/lt\/wp-json\/wp\/v2\/product_cat?post=158991"},{"taxonomy":"product_tag","embeddable":true,"href":"https:\/\/kingarms.ee\/lt\/wp-json\/wp\/v2\/product_tag?post=158991"}],"curies":[{"name":"wp","href":"https:\/\/api.w.org\/{rel}","templated":true}]}}