{"id":159056,"date":"2025-12-09T11:28:18","date_gmt":"2025-12-09T08:28:18","guid":{"rendered":"https:\/\/kingarms.ee\/product\/remington-alabama-summer-green-forest-kostiumas\/"},"modified":"2025-12-09T11:31:27","modified_gmt":"2025-12-09T08:31:27","slug":"remington-alabama-summer-green-forest-kostiumas","status":"publish","type":"product","link":"https:\/\/kingarms.ee\/lt\/product\/remington-alabama-summer-green-forest-kostiumas\/","title":{"rendered":"Remington Alabama Summer Green Forest kostiumas"},"content":{"rendered":"","protected":false},"excerpt":{"rendered":"<p>Remington Alabama Summer Green Forest kostiumas \u2013 lengvas, patogus ir prakti\u0161kas vasarinis komplektas, sukurtas med\u017eioklei, \u017evejybai ir aktyviam laisvalaikiui gamtoje. Kv\u0117puojanti med\u017eiaga efektyviai pa\u0161alina dr\u0117gm\u0119 ir suteikia komfort\u0105 net kar\u0161t\u0105 dien\u0105 ar ilg\u0173 \u017eygi\u0173 metu. Green Forest maskavimo ra\u0161tas puikiai susilieja su mi\u0161ko aplinka, suma\u017eindamas matomum\u0105 \u017ev\u0117rims. Striuk\u0117 ir keln\u0117s pasi\u017eymi ergonomi\u0161ku kirpimu, leid\u017eian\u010diu laisvai jud\u0117ti einant, taikant ar naudojant \u012frang\u0105. Funkcionalios ki\u0161en\u0117s suteikia viet\u0105 \u012frankiams ir b\u016btiniems daiktams. Tai idealus pasirinkimas vasaros med\u017eioklei, mi\u0161ko \u017eygiams, ekspedicijoms ir gamtos kelion\u0117ms.     <\/p>\n","protected":false},"featured_media":159009,"template":"","meta":{"_acf_changed":false},"product_brand":[],"product_cat":[1227],"product_tag":[],"class_list":{"0":"post-159056","1":"product","2":"type-product","3":"status-publish","4":"has-post-thumbnail","6":"product_cat-rinkiniai","8":"first","9":"instock","10":"taxable","11":"shipping-taxable","12":"purchasable","13":"product-type-variable"},"acf":[],"_links":{"self":[{"href":"https:\/\/kingarms.ee\/lt\/wp-json\/wp\/v2\/product\/159056","targetHints":{"allow":["GET"]}}],"collection":[{"href":"https:\/\/kingarms.ee\/lt\/wp-json\/wp\/v2\/product"}],"about":[{"href":"https:\/\/kingarms.ee\/lt\/wp-json\/wp\/v2\/types\/product"}],"wp:featuredmedia":[{"embeddable":true,"href":"https:\/\/kingarms.ee\/lt\/wp-json\/wp\/v2\/media\/159009"}],"wp:attachment":[{"href":"https:\/\/kingarms.ee\/lt\/wp-json\/wp\/v2\/media?parent=159056"}],"wp:term":[{"taxonomy":"product_brand","embeddable":true,"href":"https:\/\/kingarms.ee\/lt\/wp-json\/wp\/v2\/product_brand?post=159056"},{"taxonomy":"product_cat","embeddable":true,"href":"https:\/\/kingarms.ee\/lt\/wp-json\/wp\/v2\/product_cat?post=159056"},{"taxonomy":"product_tag","embeddable":true,"href":"https:\/\/kingarms.ee\/lt\/wp-json\/wp\/v2\/product_tag?post=159056"}],"curies":[{"name":"wp","href":"https:\/\/api.w.org\/{rel}","templated":true}]}}