{"id":159510,"date":"2025-12-09T14:00:17","date_gmt":"2025-12-09T11:00:17","guid":{"rendered":"https:\/\/kingarms.ee\/product\/remington-sweater-weather-brown-megztinis\/"},"modified":"2025-12-09T14:03:00","modified_gmt":"2025-12-09T11:03:00","slug":"remington-sweater-weather-brown-megztinis","status":"publish","type":"product","link":"https:\/\/kingarms.ee\/lt\/product\/remington-sweater-weather-brown-megztinis\/","title":{"rendered":"Remington Sweater Weather Brown megztinis"},"content":{"rendered":"","protected":false},"excerpt":{"rendered":"<p>Remington Sweater Weather Brown megztinis \u2013 \u0161iltas, \u0161velnus ir universalus drabu\u017eis, tinkantis v\u0117sesn\u0117ms dienoms, pasivaik\u0161\u010diojimams gamtoje ir kasdieniam d\u0117v\u0117jimui. Maloni med\u017eiaga gerai sulaiko \u0161ilum\u0105, ta\u010diau neleid\u017eia k\u016bnui perkaisti, tod\u0117l megztin\u012f patogu d\u0117v\u0117ti ilg\u0105 laik\u0105. Klasikin\u0117 ruda spalva lengvai derinama su \u012fvairiais r\u016bbais, tod\u0117l \u0161is megztinis tampa prakti\u0161ka garderobo dalimi. Elastingi rankogaliai ir apykakl\u0117 suteikia papildomo komforto, o tvarkingas kirpimas nevar\u017eo judesi\u0173. Puikus pasirinkimas tiek aktyviam poilsiui gamtoje, tiek jaukioms akimirkoms mieste. Sweater Weather \u2014 tai stiliaus, patogumo ir ilgaam\u017ei\u0161kumo derinys.     <\/p>\n","protected":false},"featured_media":159485,"template":"","meta":{"_acf_changed":false},"product_brand":[],"product_cat":[1229],"product_tag":[],"class_list":{"0":"post-159510","1":"product","2":"type-product","3":"status-publish","4":"has-post-thumbnail","6":"product_cat-striuke","8":"first","9":"instock","10":"taxable","11":"shipping-taxable","12":"purchasable","13":"product-type-variable"},"acf":[],"_links":{"self":[{"href":"https:\/\/kingarms.ee\/lt\/wp-json\/wp\/v2\/product\/159510","targetHints":{"allow":["GET"]}}],"collection":[{"href":"https:\/\/kingarms.ee\/lt\/wp-json\/wp\/v2\/product"}],"about":[{"href":"https:\/\/kingarms.ee\/lt\/wp-json\/wp\/v2\/types\/product"}],"wp:featuredmedia":[{"embeddable":true,"href":"https:\/\/kingarms.ee\/lt\/wp-json\/wp\/v2\/media\/159485"}],"wp:attachment":[{"href":"https:\/\/kingarms.ee\/lt\/wp-json\/wp\/v2\/media?parent=159510"}],"wp:term":[{"taxonomy":"product_brand","embeddable":true,"href":"https:\/\/kingarms.ee\/lt\/wp-json\/wp\/v2\/product_brand?post=159510"},{"taxonomy":"product_cat","embeddable":true,"href":"https:\/\/kingarms.ee\/lt\/wp-json\/wp\/v2\/product_cat?post=159510"},{"taxonomy":"product_tag","embeddable":true,"href":"https:\/\/kingarms.ee\/lt\/wp-json\/wp\/v2\/product_tag?post=159510"}],"curies":[{"name":"wp","href":"https:\/\/api.w.org\/{rel}","templated":true}]}}