{"id":160440,"date":"2026-05-05T23:15:19","date_gmt":"2026-05-05T20:15:19","guid":{"rendered":"https:\/\/kingarms.ee\/product\/hatsan-optima-blitz-4-5mm-32j\/"},"modified":"2026-05-05T23:15:19","modified_gmt":"2026-05-05T20:15:19","slug":"hatsan-optima-blitz-4-5mm-32j","status":"publish","type":"product","link":"https:\/\/kingarms.ee\/lt\/product\/hatsan-optima-blitz-4-5mm-32j\/","title":{"rendered":"Hatsan Optima Blitz 4.5mm (32J)"},"content":{"rendered":"","protected":false},"excerpt":{"rendered":"<p data-start=\"1349\" data-end=\"1957\">Tai modernus PCP pneumatinis \u0161autuvas, pasi\u017eymintis dideliu tikslumu ir apgalvota konstrukcija. 4,5 mm (.177) kalibras ir 17 J energija daro j\u012f tinkam\u0105 tiek sportiniam \u0161audymui, tiek laisvalaikiui be leidimo. Ilgas 660 mm ner\u016bdijan\u010dio plieno vamzdis u\u017etikrina stabil\u0173 ir tiksl\u0173 \u0161\u016bv\u012f, o talpus 700 cm\u00b3 oro rezervuaras leid\u017eia atlikti iki 175 \u0161\u016bvi\u0173 vienu u\u017epildymu. \u0160autuvas turi 21 \u0161\u016bvio d\u0117tuv\u0119 diabolo tipo kulkoms ir palaiko tiek pavien\u012f, tiek automatin\u012f \u0161audymo re\u017eim\u0105. Taip pat yra 22 mm Picatinny b\u0117gelis optikai ar kolimatoriui montuoti, integruotas manometras ir sl\u0117gio reguliatorius.    <\/p>\n<p data-start=\"1959\" data-end=\"2536\" data-is-last-node=\"\" data-is-only-node=\"\">Konstrukcijoje naudojamos patvarios ir modernios med\u017eiagos: anglies pluo\u0161to balionas, oksiduota apdaila ir juoda spalva suteikia patikimumo bei stiling\u0105 i\u0161vaizd\u0105. Reguliuojama buo\u017e\u0117 ir skruosto atrama, pistoletin\u0117 rankena ir ne\u0161imo rankena u\u017etikrina patog\u0173 naudojim\u0105. Integruotos technologijos, tokios kaip Anti-Knock System\u00ae ir Air-Operated System\u00ae, didina saugum\u0105 ir patikimum\u0105. Komplekte yra trys d\u0117tuv\u0117s, sandarinimo \u017eied\u0173 rinkinys, d\u0117tuv\u0117s \u012ftempimo raktas ir Quick Fill u\u017epildymo adapteris. Maksimalus darbinis sl\u0117gis \u2013 300 bar, gamintojo garantija \u2013 2 metai.    <\/p>\n","protected":false},"featured_media":160434,"template":"","meta":{"_acf_changed":false},"product_brand":[],"product_cat":[1142,1146],"product_tag":[],"class_list":{"0":"post-160440","1":"product","2":"type-product","3":"status-publish","4":"has-post-thumbnail","6":"product_cat-oro-ginklai","7":"product_cat-pcp-hpa-lt","9":"first","10":"instock","11":"taxable","12":"shipping-taxable","13":"purchasable","14":"product-type-simple"},"acf":[],"_links":{"self":[{"href":"https:\/\/kingarms.ee\/lt\/wp-json\/wp\/v2\/product\/160440","targetHints":{"allow":["GET"]}}],"collection":[{"href":"https:\/\/kingarms.ee\/lt\/wp-json\/wp\/v2\/product"}],"about":[{"href":"https:\/\/kingarms.ee\/lt\/wp-json\/wp\/v2\/types\/product"}],"wp:featuredmedia":[{"embeddable":true,"href":"https:\/\/kingarms.ee\/lt\/wp-json\/wp\/v2\/media\/160434"}],"wp:attachment":[{"href":"https:\/\/kingarms.ee\/lt\/wp-json\/wp\/v2\/media?parent=160440"}],"wp:term":[{"taxonomy":"product_brand","embeddable":true,"href":"https:\/\/kingarms.ee\/lt\/wp-json\/wp\/v2\/product_brand?post=160440"},{"taxonomy":"product_cat","embeddable":true,"href":"https:\/\/kingarms.ee\/lt\/wp-json\/wp\/v2\/product_cat?post=160440"},{"taxonomy":"product_tag","embeddable":true,"href":"https:\/\/kingarms.ee\/lt\/wp-json\/wp\/v2\/product_tag?post=160440"}],"curies":[{"name":"wp","href":"https:\/\/api.w.org\/{rel}","templated":true}]}}