{"id":160509,"date":"2026-05-05T23:24:11","date_gmt":"2026-05-05T20:24:11","guid":{"rendered":"https:\/\/kingarms.ee\/product\/umarex-pcp-notos-4-5mm-23j\/"},"modified":"2026-05-05T23:24:11","modified_gmt":"2026-05-05T20:24:11","slug":"umarex-pcp-notos-4-5mm-23j","status":"publish","type":"product","link":"https:\/\/kingarms.ee\/lt\/product\/umarex-pcp-notos-4-5mm-23j\/","title":{"rendered":"Umarex PCP Notos 4.5mm (23J)"},"content":{"rendered":"","protected":false},"excerpt":{"rendered":"<p data-start=\"1232\" data-end=\"1711\">Umarex UX Notos Carbine Set 4,5 mm PCP pneumatinis \u0161autuvas yra modernus ir kompakti\u0161kas karabinas, tinkantis tiek pradedantiesiems, tiek pa\u017eengusiems \u0161auliams. PCP sistema u\u017etikrina pastovi\u0105 \u0161\u016bvio energij\u0105, auk\u0161t\u0105 pakartojamum\u0105 ir tikslum\u0105, tod\u0117l puikiai tinka sportiniam ir laisvalaikio \u0161audymui. 300 mm rifliuotas vamzdis garantuoja ger\u0105 tikslum\u0105, o integruotas garso slopintuvas suma\u017eina triuk\u0161m\u0105. \u0160autuvas turi 9 \u0161\u016bvi\u0173 sukam\u0105j\u0105 d\u0117tuv\u0119 ir galimyb\u0119 \u0161audyti pavieniais \u0161\u016bviais.   <\/p>\n<p data-start=\"1713\" data-end=\"2211\">Lengva ir ergonomi\u0161ka konstrukcija su reguliuojama keturi\u0173 pad\u0117\u010di\u0173 buo\u017ee ir dviej\u0173 pakop\u0173 nuleistuku suteikia geresn\u0119 kontrol\u0119. Integruotas manometras ir 250 bar oro rezervuaras u\u017etikrina patikim\u0105 veikim\u0105. Picatinny b\u0117gelis leid\u017eia montuoti optik\u0105. Komplekte yra 3\u20139\u00d740 optinis taikiklis su ap\u0161vietimu ir teleskopinis dvipodis, tod\u0117l galima i\u0161 karto prad\u0117ti tiksl\u0173 \u0161audym\u0105.    <\/p>\n","protected":false},"featured_media":160506,"template":"","meta":{"_acf_changed":false},"product_brand":[],"product_cat":[1142,1146],"product_tag":[],"class_list":{"0":"post-160509","1":"product","2":"type-product","3":"status-publish","4":"has-post-thumbnail","6":"product_cat-oro-ginklai","7":"product_cat-pcp-hpa-lt","9":"first","10":"instock","11":"taxable","12":"shipping-taxable","13":"purchasable","14":"product-type-simple"},"acf":[],"_links":{"self":[{"href":"https:\/\/kingarms.ee\/lt\/wp-json\/wp\/v2\/product\/160509","targetHints":{"allow":["GET"]}}],"collection":[{"href":"https:\/\/kingarms.ee\/lt\/wp-json\/wp\/v2\/product"}],"about":[{"href":"https:\/\/kingarms.ee\/lt\/wp-json\/wp\/v2\/types\/product"}],"wp:featuredmedia":[{"embeddable":true,"href":"https:\/\/kingarms.ee\/lt\/wp-json\/wp\/v2\/media\/160506"}],"wp:attachment":[{"href":"https:\/\/kingarms.ee\/lt\/wp-json\/wp\/v2\/media?parent=160509"}],"wp:term":[{"taxonomy":"product_brand","embeddable":true,"href":"https:\/\/kingarms.ee\/lt\/wp-json\/wp\/v2\/product_brand?post=160509"},{"taxonomy":"product_cat","embeddable":true,"href":"https:\/\/kingarms.ee\/lt\/wp-json\/wp\/v2\/product_cat?post=160509"},{"taxonomy":"product_tag","embeddable":true,"href":"https:\/\/kingarms.ee\/lt\/wp-json\/wp\/v2\/product_tag?post=160509"}],"curies":[{"name":"wp","href":"https:\/\/api.w.org\/{rel}","templated":true}]}}