{"id":191034,"date":"2026-05-09T23:35:16","date_gmt":"2026-05-09T20:35:16","guid":{"rendered":"https:\/\/kingarms.ee\/product\/razorgun-3-disku-vejo-taikinys\/"},"modified":"2026-05-09T23:35:16","modified_gmt":"2026-05-09T20:35:16","slug":"razorgun-3-disku-vejo-taikinys","status":"publish","type":"product","link":"https:\/\/kingarms.ee\/lt\/product\/razorgun-3-disku-vejo-taikinys\/","title":{"rendered":"RazorGun 3 disk\u0173 v\u0117jo taikinys"},"content":{"rendered":"","protected":false},"excerpt":{"rendered":"<p data-start=\"13\" data-end=\"521\">RGun pneumatinio \u0161autuvo taikinys \u2013 tai modernus ir pilnai paruo\u0161tas sprendimas \u0161audymo treniruot\u0117ms i\u0161kart po d\u0117\u017e\u0117s atidarymo. Komplekte yra tvirti metaliniai stovai, 10 dideli\u0173 popierini\u0173 taikini\u0173, kuri\u0173 dydis 43 \u00d7 64 cm, taip pat pati kartonin\u0117 d\u0117\u017e\u0117, kuri gali b\u016bti naudojama kaip papildomas siluetinis taikinys. Inovatyvi konstrukcija nereikalauja medini\u0173 lent\u0173 ar papildom\u0173 tvirtinim\u0173, tod\u0117l rinkinys yra prakti\u0161kas ir patogus tiek pradedantiesiems, tiek patyrusiems \u0161auliams.  <\/p>\n<p data-start=\"523\" data-end=\"992\">Reguliuojamas pagrindas leid\u017eia lengvai pritvirtinti nuo 20 iki 61 cm skersmens taikinius, o ai\u0161kios dyd\u017ei\u0173 \u017eymos padeda greitai pasirinkti tinkam\u0105 pad\u0117t\u012f. Tvirta plienin\u0117 konstrukcija atspari v\u0117jui ir intensyviam naudojimui, o keturi tvirtinimo kuoliukai suteikia papildomo stabilumo lauke. RGun taikinys puikiai tinka naudoti sode, \u0161audykloje ar \u0161audymo klube, u\u017etikrinant patikim\u0105 ir patogi\u0105 treniruo\u010di\u0173 patirt\u012f.  <\/p>\n","protected":false},"featured_media":190980,"template":"","meta":{"_acf_changed":false},"product_brand":[],"product_cat":[1201],"product_tag":[],"class_list":{"0":"post-191034","1":"product","2":"type-product","3":"status-publish","4":"has-post-thumbnail","6":"product_cat-taikiniai","8":"first","9":"instock","10":"taxable","11":"shipping-taxable","12":"purchasable","13":"product-type-simple"},"acf":[],"_links":{"self":[{"href":"https:\/\/kingarms.ee\/lt\/wp-json\/wp\/v2\/product\/191034","targetHints":{"allow":["GET"]}}],"collection":[{"href":"https:\/\/kingarms.ee\/lt\/wp-json\/wp\/v2\/product"}],"about":[{"href":"https:\/\/kingarms.ee\/lt\/wp-json\/wp\/v2\/types\/product"}],"wp:featuredmedia":[{"embeddable":true,"href":"https:\/\/kingarms.ee\/lt\/wp-json\/wp\/v2\/media\/190980"}],"wp:attachment":[{"href":"https:\/\/kingarms.ee\/lt\/wp-json\/wp\/v2\/media?parent=191034"}],"wp:term":[{"taxonomy":"product_brand","embeddable":true,"href":"https:\/\/kingarms.ee\/lt\/wp-json\/wp\/v2\/product_brand?post=191034"},{"taxonomy":"product_cat","embeddable":true,"href":"https:\/\/kingarms.ee\/lt\/wp-json\/wp\/v2\/product_cat?post=191034"},{"taxonomy":"product_tag","embeddable":true,"href":"https:\/\/kingarms.ee\/lt\/wp-json\/wp\/v2\/product_tag?post=191034"}],"curies":[{"name":"wp","href":"https:\/\/api.w.org\/{rel}","templated":true}]}}