{"id":191071,"date":"2026-05-11T11:14:10","date_gmt":"2026-05-11T08:14:10","guid":{"rendered":"https:\/\/kingarms.ee\/product\/umarex-blamer-45-mm\/"},"modified":"2026-05-11T11:14:10","modified_gmt":"2026-05-11T08:14:10","slug":"umarex-blamer-45-mm","status":"publish","type":"product","link":"https:\/\/kingarms.ee\/lt\/product\/umarex-blamer-45-mm\/","title":{"rendered":"Umarex BlaMer 4,5 mm"},"content":{"rendered":"","protected":false},"excerpt":{"rendered":"<p data-start=\"13\" data-end=\"521\">Umarex BlaMer 4,5 mm BB pneumatinis pistoletas savo i\u0161vaizda primena legendin\u012f Colt 1911 karin\u012f pistolet\u0105 ir yra skirtas pramoginiam \u0161audymui. Lengva polimerin\u0117 konstrukcija bei maitinimas 12 g CO2 kapsul\u0117mis u\u017etikrina patog\u0173 naudojim\u0105 tiek pradedantiesiems, tiek jaunesniems naudotojams pri\u017ei\u016brint suaugusiesiems. 16 \u0161ovini\u0173 talpinanti d\u0117tuv\u0117 ir 105 m\/s pradinis kulkos greitis suteikia tiksl\u0173 ir malon\u0173 \u0161audym\u0105, o Blow-Back sistema sukuria realisti\u0161k\u0105 atatrankos poj\u016bt\u012f.  <\/p>\n<p data-start=\"523\" data-end=\"998\">Pistoletas turi Single Action gaiduko mechanizm\u0105 su trumpa ir lengva eiga, padedan\u010dia atlikti tikslesnius \u0161\u016bvius. \u0160viesolaidin\u0117 musel\u0117 palengvina taikym\u0105si prasto ap\u0161vietimo s\u0105lygomis, o po vamzd\u017eiu esanti 22 mm Picatinny b\u0117gelio sistema leid\u017eia montuoti papildomus priedus, tokius kaip \u017eibintuv\u0117lis ar lazerinis taikiklis. Modelis turi dvi saugos sistemas saugesniam naudojimui, o viena CO2 kapsul\u0117 leid\u017eia atlikti apie 32 vienodos galios \u0161\u016bvius.  <\/p>\n","protected":false},"featured_media":191042,"template":"","meta":{"_acf_changed":false},"product_brand":[],"product_cat":[1142,1143],"product_tag":[],"class_list":{"0":"post-191071","1":"product","2":"type-product","3":"status-publish","4":"has-post-thumbnail","6":"product_cat-oro-ginklai","7":"product_cat-rankinis-ginklas","9":"first","10":"instock","11":"taxable","12":"shipping-taxable","13":"purchasable","14":"product-type-simple"},"acf":[],"_links":{"self":[{"href":"https:\/\/kingarms.ee\/lt\/wp-json\/wp\/v2\/product\/191071","targetHints":{"allow":["GET"]}}],"collection":[{"href":"https:\/\/kingarms.ee\/lt\/wp-json\/wp\/v2\/product"}],"about":[{"href":"https:\/\/kingarms.ee\/lt\/wp-json\/wp\/v2\/types\/product"}],"wp:featuredmedia":[{"embeddable":true,"href":"https:\/\/kingarms.ee\/lt\/wp-json\/wp\/v2\/media\/191042"}],"wp:attachment":[{"href":"https:\/\/kingarms.ee\/lt\/wp-json\/wp\/v2\/media?parent=191071"}],"wp:term":[{"taxonomy":"product_brand","embeddable":true,"href":"https:\/\/kingarms.ee\/lt\/wp-json\/wp\/v2\/product_brand?post=191071"},{"taxonomy":"product_cat","embeddable":true,"href":"https:\/\/kingarms.ee\/lt\/wp-json\/wp\/v2\/product_cat?post=191071"},{"taxonomy":"product_tag","embeddable":true,"href":"https:\/\/kingarms.ee\/lt\/wp-json\/wp\/v2\/product_tag?post=191071"}],"curies":[{"name":"wp","href":"https:\/\/api.w.org\/{rel}","templated":true}]}}