{"id":191113,"date":"2026-05-11T11:35:31","date_gmt":"2026-05-11T08:35:31","guid":{"rendered":"https:\/\/kingarms.ee\/product\/umarex-spa-100-45-mm\/"},"modified":"2026-05-11T11:35:31","modified_gmt":"2026-05-11T08:35:31","slug":"umarex-spa-100-45-mm","status":"publish","type":"product","link":"https:\/\/kingarms.ee\/lt\/product\/umarex-spa-100-45-mm\/","title":{"rendered":"Umarex SPA 100 4,5 mm"},"content":{"rendered":"","protected":false},"excerpt":{"rendered":"<p data-start=\"13\" data-end=\"431\">Umarex SPA 100 4,5 mm Diabolo pneumatinis pistoletas yra puikus pasirinkimas pradedantiems pramogin\u012f \u0161audym\u0105. Paprasta ir patikima konstrukcija, lengvas u\u017evedimas bei geras tikslumas daro \u0161\u012f model\u012f tinkam\u0105 \u012fvairaus am\u017eiaus naudotojams. Grai\u017etvinis vamzdis ir Diabolo kulkel\u0117s u\u017etikrina stabil\u0173 bei tiksl\u0173 \u0161\u016bv\u012f, o vidutin\u0117 galia leid\u017eia lengvai u\u017evesti ginkl\u0105, ypa\u010d pradedantiesiems \u0161auliams.  <\/p>\n<p data-start=\"433\" data-end=\"984\">Lengvas, ta\u010diau tvirtas polimerinis korpusas u\u017etikrina komfort\u0105 ir atsparum\u0105 nusid\u0117v\u0117jimui, o tekst\u016bruota rankena pagerina sukibim\u0105 \u0161audymo metu. Pistoletas turi fiksuotus mechaninius taikiklius su ry\u0161kiomis \u017eym\u0117mis lengvesniam taikymuisi bei dvi automatines saugos sistemas \u2014 rankenos saugikl\u012f ir slankiojant\u012f saugikl\u012f \u2014 didesniam naudojimo saugumui. Vieno \u0161\u016bvio lau\u017eiamo vamzd\u017eio konstrukcija nereikalauja CO2 kapsuli\u0173 ar kit\u0173 i\u0161orini\u0173 energijos \u0161altini\u0173, tod\u0117l model\u012f paprasta naudoti ir pri\u017ei\u016br\u0117ti.  <\/p>\n","protected":false},"featured_media":191078,"template":"","meta":{"_acf_changed":false},"product_brand":[],"product_cat":[1142,1143],"product_tag":[],"class_list":{"0":"post-191113","1":"product","2":"type-product","3":"status-publish","4":"has-post-thumbnail","6":"product_cat-oro-ginklai","7":"product_cat-rankinis-ginklas","9":"first","10":"instock","11":"taxable","12":"shipping-taxable","13":"purchasable","14":"product-type-simple"},"acf":[],"_links":{"self":[{"href":"https:\/\/kingarms.ee\/lt\/wp-json\/wp\/v2\/product\/191113","targetHints":{"allow":["GET"]}}],"collection":[{"href":"https:\/\/kingarms.ee\/lt\/wp-json\/wp\/v2\/product"}],"about":[{"href":"https:\/\/kingarms.ee\/lt\/wp-json\/wp\/v2\/types\/product"}],"wp:featuredmedia":[{"embeddable":true,"href":"https:\/\/kingarms.ee\/lt\/wp-json\/wp\/v2\/media\/191078"}],"wp:attachment":[{"href":"https:\/\/kingarms.ee\/lt\/wp-json\/wp\/v2\/media?parent=191113"}],"wp:term":[{"taxonomy":"product_brand","embeddable":true,"href":"https:\/\/kingarms.ee\/lt\/wp-json\/wp\/v2\/product_brand?post=191113"},{"taxonomy":"product_cat","embeddable":true,"href":"https:\/\/kingarms.ee\/lt\/wp-json\/wp\/v2\/product_cat?post=191113"},{"taxonomy":"product_tag","embeddable":true,"href":"https:\/\/kingarms.ee\/lt\/wp-json\/wp\/v2\/product_tag?post=191113"}],"curies":[{"name":"wp","href":"https:\/\/api.w.org\/{rel}","templated":true}]}}