{"id":191212,"date":"2026-05-11T14:05:00","date_gmt":"2026-05-11T11:05:00","guid":{"rendered":"https:\/\/kingarms.ee\/product\/sw-629-trust-me-45-mm-co2\/"},"modified":"2026-05-11T14:05:00","modified_gmt":"2026-05-11T11:05:00","slug":"sw-629-trust-me-45-mm-co2","status":"publish","type":"product","link":"https:\/\/kingarms.ee\/lt\/product\/sw-629-trust-me-45-mm-co2\/","title":{"rendered":"S&#038;W 629 Trust Me 4,5 mm CO2"},"content":{"rendered":"","protected":false},"excerpt":{"rendered":"<p data-start=\"13\" data-end=\"548\">Smith &#038; Wesson 629 \u201cTrust Me\u201d 4,5 mm Diabolo pneumatinis revolveris yra tikrovi\u0161ka legendinio revolverio kopija, sujungianti klasikin\u012f dizain\u0105 ir \u0161iuolaikines technologijas. Visi\u0161kai metalin\u0117 konstrukcija, eleganti\u0161kos baltos rankenos plok\u0161tel\u0117s ir teminis graviravimas suteikia modeliui i\u0161skirtin\u0119 i\u0161vaizd\u0105. Revolveris turi itin realisti\u0161k\u0105 u\u017etaisymo sistem\u0105 su metalin\u0117mis gilz\u0117mis, primenan\u010diomis tikrus \u0161ovinius, o energij\u0105 suteikia standartin\u0117 12 g CO\u2082 kapsul\u0117, montuojama rankenoje.  <\/p>\n<p data-start=\"550\" data-end=\"1099\">Modelis apr\u016bpintas dvigubo ir viengubo veikimo (DA\/SA) gaiduko mechanizmu, u\u017etikrinan\u010diu skland\u0173 ir tiksl\u0173 \u0161audym\u0105. Reguliuojamas galinis taikiklis ir priekinis taikiklis su raudonu ta\u0161ku leid\u017eia greitai ir patogiai nusitaikyti, o besisukantis 6 \u0161\u016bvi\u0173 b\u016bgnelis suteikia autenti\u0161k\u0105 revolverio poj\u016bt\u012f. Po \u0161\u016bvio gilzes galima i\u0161stumti i\u0161metikliu taip pat, kaip ir tikrame revolveryje. Smith &#038; Wesson 629 \u201cTrust Me\u201d puikiai tinka klasikini\u0173 revolveri\u0173 gerb\u0117jams ir realisti\u0161kam pramoginiam \u0161audymui.   <\/p>\n","protected":false},"featured_media":191195,"template":"","meta":{"_acf_changed":false},"product_brand":[],"product_cat":[1142,1143],"product_tag":[],"class_list":{"0":"post-191212","1":"product","2":"type-product","3":"status-publish","4":"has-post-thumbnail","6":"product_cat-oro-ginklai","7":"product_cat-rankinis-ginklas","9":"first","10":"instock","11":"taxable","12":"shipping-taxable","13":"purchasable","14":"product-type-simple"},"acf":[],"_links":{"self":[{"href":"https:\/\/kingarms.ee\/lt\/wp-json\/wp\/v2\/product\/191212","targetHints":{"allow":["GET"]}}],"collection":[{"href":"https:\/\/kingarms.ee\/lt\/wp-json\/wp\/v2\/product"}],"about":[{"href":"https:\/\/kingarms.ee\/lt\/wp-json\/wp\/v2\/types\/product"}],"wp:featuredmedia":[{"embeddable":true,"href":"https:\/\/kingarms.ee\/lt\/wp-json\/wp\/v2\/media\/191195"}],"wp:attachment":[{"href":"https:\/\/kingarms.ee\/lt\/wp-json\/wp\/v2\/media?parent=191212"}],"wp:term":[{"taxonomy":"product_brand","embeddable":true,"href":"https:\/\/kingarms.ee\/lt\/wp-json\/wp\/v2\/product_brand?post=191212"},{"taxonomy":"product_cat","embeddable":true,"href":"https:\/\/kingarms.ee\/lt\/wp-json\/wp\/v2\/product_cat?post=191212"},{"taxonomy":"product_tag","embeddable":true,"href":"https:\/\/kingarms.ee\/lt\/wp-json\/wp\/v2\/product_tag?post=191212"}],"curies":[{"name":"wp","href":"https:\/\/api.w.org\/{rel}","templated":true}]}}