{"id":191249,"date":"2026-05-11T15:54:51","date_gmt":"2026-05-11T12:54:51","guid":{"rendered":"https:\/\/kingarms.ee\/product\/smithwesson-m29-45-mm\/"},"modified":"2026-05-11T15:54:51","modified_gmt":"2026-05-11T12:54:51","slug":"smithwesson-m29-45-mm","status":"publish","type":"product","link":"https:\/\/kingarms.ee\/lt\/product\/smithwesson-m29-45-mm\/","title":{"rendered":"Smith&#038;Wesson M29 4,5 mm"},"content":{"rendered":"","protected":false},"excerpt":{"rendered":"<p data-start=\"13\" data-end=\"544\">Smith &#038; Wesson M29 4,5 mm 8 3\/8&#8243; pneumatinis revolveris yra tikrovi\u0161ka CO\u2082 valdoma legendinio Magnum M29 kopija, i\u0161gars\u0117jusi \u201ePurvinojo Hario\u201c film\u0173 serijoje su Clintu Eastwoodu. Daugiau nei 1 kg sverianti visi\u0161kai metalin\u0117 konstrukcija, ilgas 8 3\/8 colio vamzdis ir original\u016bs Smith &#038; Wesson \u017eenklinimai suteikia itin autenti\u0161k\u0105 naudojimo poj\u016bt\u012f. Klasikin\u012f dizain\u0105 papildo med\u017eio imitacijos rankenos plok\u0161tel\u0117s, o reguliuojami taikikliai leid\u017eia tiksliai \u0161audyti ir didesniais atstumais.  <\/p>\n<p data-start=\"546\" data-end=\"1169\">Revolveris turi realisti\u0161k\u0105 u\u017etaisymo sistem\u0105 su metalin\u0117mis gilz\u0117mis, \u012f kurias dedami 4,5 mm BB plieniniai \u0161ratai. Po \u0161\u016bvio gilzes galima i\u0161stumti i\u0161metikliu kaip tikrame revolveryje. Modelis maitinamas 12 g CO\u2082 kapsule, u\u017etikrinan\u010dia iki 135 m\/s pradin\u012f greit\u012f ir iki 160 tolygios galios \u0161\u016bvi\u0173 i\u0161 vienos kapsul\u0117s. SA\/DA gaiduko mechanizmas leid\u017eia \u0161audyti tiek dvigubo, tiek viengubo veikimo re\u017eimu, tod\u0117l Smith &#038; Wesson M29 yra puikus pasirinkimas klasikini\u0173 revolveri\u0173 gerb\u0117jams ir realisti\u0161kam pramoginiam \u0161audymui.   <\/p>\n","protected":false},"featured_media":191220,"template":"","meta":{"_acf_changed":false},"product_brand":[],"product_cat":[1142,1143],"product_tag":[],"class_list":{"0":"post-191249","1":"product","2":"type-product","3":"status-publish","4":"has-post-thumbnail","6":"product_cat-oro-ginklai","7":"product_cat-rankinis-ginklas","9":"first","10":"instock","11":"taxable","12":"shipping-taxable","13":"purchasable","14":"product-type-simple"},"acf":[],"_links":{"self":[{"href":"https:\/\/kingarms.ee\/lt\/wp-json\/wp\/v2\/product\/191249","targetHints":{"allow":["GET"]}}],"collection":[{"href":"https:\/\/kingarms.ee\/lt\/wp-json\/wp\/v2\/product"}],"about":[{"href":"https:\/\/kingarms.ee\/lt\/wp-json\/wp\/v2\/types\/product"}],"wp:featuredmedia":[{"embeddable":true,"href":"https:\/\/kingarms.ee\/lt\/wp-json\/wp\/v2\/media\/191220"}],"wp:attachment":[{"href":"https:\/\/kingarms.ee\/lt\/wp-json\/wp\/v2\/media?parent=191249"}],"wp:term":[{"taxonomy":"product_brand","embeddable":true,"href":"https:\/\/kingarms.ee\/lt\/wp-json\/wp\/v2\/product_brand?post=191249"},{"taxonomy":"product_cat","embeddable":true,"href":"https:\/\/kingarms.ee\/lt\/wp-json\/wp\/v2\/product_cat?post=191249"},{"taxonomy":"product_tag","embeddable":true,"href":"https:\/\/kingarms.ee\/lt\/wp-json\/wp\/v2\/product_tag?post=191249"}],"curies":[{"name":"wp","href":"https:\/\/api.w.org\/{rel}","templated":true}]}}