{"id":191274,"date":"2026-05-11T16:10:03","date_gmt":"2026-05-11T13:10:03","guid":{"rendered":"https:\/\/kingarms.ee\/product\/umarex-power-potential-45-mm-350-pcs\/"},"modified":"2026-05-11T16:10:03","modified_gmt":"2026-05-11T13:10:03","slug":"umarex-power-potential-45-mm-350-pcs","status":"publish","type":"product","link":"https:\/\/kingarms.ee\/lt\/product\/umarex-power-potential-45-mm-350-pcs\/","title":{"rendered":"Umarex Power Potential 4,5 mm 350 pcs."},"content":{"rendered":"","protected":false},"excerpt":{"rendered":"<p data-start=\"13\" data-end=\"364\">Umarex Power Potential 4,5\/350 yra sunk\u016bs hollow point tipo \u0161ratai, skirti pramoginiam \u0161audymui. Kiekvieno \u0161rato svoris yra 0,67 g, tod\u0117l jie puikiai tinka \u0161audymui trumpais ir vidutiniais atstumais, u\u017etikrinant stabil\u0173 skryd\u012f ir stipri\u0105 sm\u016bgio energij\u0105. Speciali tu\u0161\u010diavidur\u0117 galvut\u0117 padidina \u0161rato deformacij\u0105 pataikius \u012f taikin\u012f ir suteikia \u012fsp\u016bdingesn\u012f \u0161audymo efekt\u0105.  <\/p>\n<p data-start=\"366\" data-end=\"698\">D\u0117l hollow point konstrukcijos Umarex Power Potential \u0161ratai puikiai tinka \u0161audyti \u012f skardines, taikinius ir kitus reaktyvius objektus. \u012esp\u016bdingas taikinio suardymo efektas kiekvien\u0105 \u0161audymo sesij\u0105 paver\u010dia dar smagesne, o auk\u0161ta gamybos kokyb\u0117 u\u017etikrina stabil\u0173 tikslum\u0105 ir na\u0161um\u0105. <\/p>\n","protected":false},"featured_media":191256,"template":"","meta":{"_acf_changed":false},"product_brand":[],"product_cat":[1187,1189],"product_tag":[],"class_list":{"0":"post-191274","1":"product","2":"type-product","3":"status-publish","4":"has-post-thumbnail","6":"product_cat-kulkos","7":"product_cat-oro-pistoletas-4-5-mm","9":"first","10":"instock","11":"taxable","12":"shipping-taxable","13":"purchasable","14":"product-type-simple"},"acf":[],"_links":{"self":[{"href":"https:\/\/kingarms.ee\/lt\/wp-json\/wp\/v2\/product\/191274","targetHints":{"allow":["GET"]}}],"collection":[{"href":"https:\/\/kingarms.ee\/lt\/wp-json\/wp\/v2\/product"}],"about":[{"href":"https:\/\/kingarms.ee\/lt\/wp-json\/wp\/v2\/types\/product"}],"wp:featuredmedia":[{"embeddable":true,"href":"https:\/\/kingarms.ee\/lt\/wp-json\/wp\/v2\/media\/191256"}],"wp:attachment":[{"href":"https:\/\/kingarms.ee\/lt\/wp-json\/wp\/v2\/media?parent=191274"}],"wp:term":[{"taxonomy":"product_brand","embeddable":true,"href":"https:\/\/kingarms.ee\/lt\/wp-json\/wp\/v2\/product_brand?post=191274"},{"taxonomy":"product_cat","embeddable":true,"href":"https:\/\/kingarms.ee\/lt\/wp-json\/wp\/v2\/product_cat?post=191274"},{"taxonomy":"product_tag","embeddable":true,"href":"https:\/\/kingarms.ee\/lt\/wp-json\/wp\/v2\/product_tag?post=191274"}],"curies":[{"name":"wp","href":"https:\/\/api.w.org\/{rel}","templated":true}]}}