{"id":191337,"date":"2026-05-13T23:32:59","date_gmt":"2026-05-13T20:32:59","guid":{"rendered":"https:\/\/kingarms.ee\/product\/pneumatinis-lankas-fx-redback\/"},"modified":"2026-05-13T23:32:59","modified_gmt":"2026-05-13T20:32:59","slug":"pneumatinis-lankas-fx-redback","status":"publish","type":"product","link":"https:\/\/kingarms.ee\/lt\/product\/pneumatinis-lankas-fx-redback\/","title":{"rendered":"Pneumatinis lankas FX Redback"},"content":{"rendered":"","protected":false},"excerpt":{"rendered":"<p data-start=\"74\" data-end=\"815\">Airbow FX Redback \u2014 tai galinga PCP sistema veikianti pneumatin\u0117 platforma str\u0117li\u0173 \u0161audymui, kurioje FX Airguns patikrintos technologijos pritaikytos specialiai str\u0117l\u0117ms. Redback priekin\u0117je dalyje yra net a\u0161tuoni 9 mm (.35) vamzd\u017eiai, \u012f kuriuos galima \u012fd\u0117ti i\u0161 viso a\u0161tuonias str\u0117les; patraukus \u0161onin\u0119 svirt\u012f, vamzd\u017ei\u0173 blokas pasisuka ir kita str\u0117l\u0117 paruo\u0161iama \u0161\u016bviui. Stabiliai galiai ir tikslumui u\u017etikrinti modelyje \u012fmontuotas 480 cc PCP cilindras, esantis buo\u017e\u0117je, kurio u\u017epildymo sl\u0117gis siekia iki 250 bar, taip pat tiksliai reguliuojamas AMP reguliatorius, padedantis i\u0161laikyti vienod\u0105 kiekvienos str\u0117l\u0117s greit\u012f. De\u0161in\u0117je korpuso pus\u0117je yra du Wika manometrai: vienas rodo reguliatoriaus sl\u0117g\u012f, kitas \u2014 PCP cilindro sl\u0117g\u012f. Auk\u0161\u010dio reguliavimo galimyb\u0119 turinti buo\u017e\u0117s atrama padeda pasirinkti patogi\u0105 ir taisykling\u0105 \u0161audymo pad\u0117t\u012f.    <\/p>\n<p data-start=\"817\" data-end=\"1685\">FX Redback suteikia pla\u010dias reguliavimo galimybes, leid\u017eian\u010dias tiksliai pritaikyti sistem\u0105 pagal naudotojo poreikius. Quick Tune sistema leid\u017eia reguliuoti sm\u016bgin\u0117s spyruokl\u0117s i\u0161ankstin\u012f \u012ftempim\u0105: makroreguliavimo ratukas turi 23 didelius nustatymo \u017eingsnius, o mikroreguliavimo ratukas leid\u017eia atlikti tikslesn\u012f derinim\u0105. Quick Set Trigger nuleistuko mechanizmas taip pat yra visi\u0161kai reguliuojamas \u2014 galima keisti viso nuleistuko pad\u0117t\u012f, abi nuleidimo pakopas, nuleistuko lie\u017euv\u0117lio auk\u0161t\u012f ir jo pasukim\u0105 \u012f patogi\u0105 pus\u0119. Vir\u0161uje \u012frengta Weaver\/Picatinny optikos montavimo b\u0117gel\u0117 su 60 MOA nuolyd\u017eiu, padedanti kompensuoti ry\u0161kesn\u0119 str\u0117li\u0173 lanko formos trajektorij\u0105 ilgesniais atstumais. Apa\u010dioje yra Arca pried\u0173 b\u0117gelis su keliais M-LOK lizdais, skirtas bipodui, tripodui, balansavimo svoriams ar kitiems priedams tvirtinti. FX Redback sveria 3200 g, jo ilgis \u2014 106 cm; abiem rankoms pritaikyta buo\u017e\u0117 ir ergonomi\u0161ka rankena pagamintos i\u0161 sm\u016bgiams atsparios sintetin\u0117s med\u017eiagos su \u0161iurk\u0161\u010dia tekst\u016bra tvirtesniam sukibimui. Komplekte yra d\u0117klas ir u\u017epildymo adapteris; str\u0117l\u0117s \u012f komplekt\u0105 ne\u012feina, tod\u0117l reikia naudoti 9 mm (.35) vamzd\u017eiui tinkamas str\u0117les.     <\/p>\n","protected":false},"featured_media":191296,"template":"","meta":{"_acf_changed":false},"product_brand":[],"product_cat":[1142,1146],"product_tag":[],"class_list":{"0":"post-191337","1":"product","2":"type-product","3":"status-publish","4":"has-post-thumbnail","6":"product_cat-oro-ginklai","7":"product_cat-pcp-hpa-lt","9":"first","10":"instock","11":"taxable","12":"shipping-taxable","13":"purchasable","14":"product-type-simple"},"acf":[],"_links":{"self":[{"href":"https:\/\/kingarms.ee\/lt\/wp-json\/wp\/v2\/product\/191337","targetHints":{"allow":["GET"]}}],"collection":[{"href":"https:\/\/kingarms.ee\/lt\/wp-json\/wp\/v2\/product"}],"about":[{"href":"https:\/\/kingarms.ee\/lt\/wp-json\/wp\/v2\/types\/product"}],"wp:featuredmedia":[{"embeddable":true,"href":"https:\/\/kingarms.ee\/lt\/wp-json\/wp\/v2\/media\/191296"}],"wp:attachment":[{"href":"https:\/\/kingarms.ee\/lt\/wp-json\/wp\/v2\/media?parent=191337"}],"wp:term":[{"taxonomy":"product_brand","embeddable":true,"href":"https:\/\/kingarms.ee\/lt\/wp-json\/wp\/v2\/product_brand?post=191337"},{"taxonomy":"product_cat","embeddable":true,"href":"https:\/\/kingarms.ee\/lt\/wp-json\/wp\/v2\/product_cat?post=191337"},{"taxonomy":"product_tag","embeddable":true,"href":"https:\/\/kingarms.ee\/lt\/wp-json\/wp\/v2\/product_tag?post=191337"}],"curies":[{"name":"wp","href":"https:\/\/api.w.org\/{rel}","templated":true}]}}