{"id":191361,"date":"2026-05-14T08:47:48","date_gmt":"2026-05-14T05:47:48","guid":{"rendered":"https:\/\/kingarms.ee\/product\/pcp-pneumatinis-sautuvas-fx-boss\/"},"modified":"2026-05-14T08:47:48","modified_gmt":"2026-05-14T05:47:48","slug":"pcp-pneumatinis-sautuvas-fx-boss","status":"publish","type":"product","link":"https:\/\/kingarms.ee\/lt\/product\/pcp-pneumatinis-sautuvas-fx-boss\/","title":{"rendered":"PCP pneumatinis \u0161autuvas FX Boss<br\/>"},"content":{"rendered":"","protected":false},"excerpt":{"rendered":"<h3 data-section-id=\"1ksh902\" data-start=\"211\" data-end=\"234\">PCP pneumatinis \u0161autuvas FX Boss<br \/><\/h3>\n<p data-start=\"236\" data-end=\"941\">FX Boss \u2014 tai auk\u0161tos kokyb\u0117s PCP pneumatinis \u0161autuvas i\u0161 \u0160vedijos gamintojo FX Airguns, sukurtas dideliam galingumui, tikslumui ir \u0161audymui ilgesniais atstumais. FX Airguns gars\u0117ja inovatyviais konstrukciniais sprendimais, puikiu tikslumu ir patikimu veikimu, o Boss modelis visi\u0161kai pateisina savo vard\u0105. \u0160autuvas turi specialiai pagamint\u0105 7,62 mm (.30) Smooth Twist vamzd\u012f, kuris greitai pasiteisino tiek var\u017eybose, tiek lauko s\u0105lygomis. Reguliuojama sistema, 500 cc oro cilindras ir iki 250 bar u\u017epildymo sl\u0117gis leid\u017eia pasiekti apie 110 J energij\u0105 ir atlikti iki 48 \u0161\u016bvi\u0173 vienu u\u017epildymu. FX Boss skirtas rimtam naudojimui lauke, sunkesn\u0117ms kulkoms ir u\u017etikrintam \u0161audymui didesniais atstumais.    <\/p>\n<p data-start=\"943\" data-end=\"1598\">Modelis komplektuojamas su 9 \u0161\u016bvi\u0173 d\u0117tuve .30 kalibro kulkoms, ta\u010diau prireikus gali b\u016bti naudojamas ir kaip vieno \u0161\u016bvio \u0161autuvas. \u0160onin\u0117s svirties u\u017etaisymo sistema leid\u017eia patogiai ir skland\u017eiai pertaisyti ginkl\u0105, o dviej\u0173 pakop\u0173 reguliuojamas match klas\u0117s nuleistukas suteikia \u0161auliui tiksli\u0105 kiekvieno \u0161\u016bvio kontrol\u0119. De\u0161iniarankiams skirta thumbhole tipo buo\u017e\u0117 pagaminta i\u0161 sintetin\u0117s med\u017eiagos ir padengta mink\u0161ta, oro s\u0105lygoms atsparia danga, u\u017etikrinan\u010dia patog\u0173 bei tvirt\u0105 sukibim\u0105. FX Boss sveria 3400 g, vamzd\u017eio ilgis yra 610 mm, bendras ilgis \u2014 1195 mm. Atvir\u0173 taikikli\u0173 n\u0117ra, optinis taikiklis \u012f komplekt\u0105 ne\u012feina; optikai montuoti numatytas 11 mm Dovetail b\u0117gelis. Komplekte yra d\u0117klas, u\u017epildymo zondas ir d\u0117tuv\u0117.     <\/p>\n","protected":false},"featured_media":191625,"template":"","meta":{"_acf_changed":false},"product_brand":[],"product_cat":[1142,1146],"product_tag":[],"class_list":{"0":"post-191361","1":"product","2":"type-product","3":"status-publish","4":"has-post-thumbnail","6":"product_cat-oro-ginklai","7":"product_cat-pcp-hpa-lt","9":"first","10":"instock","11":"taxable","12":"shipping-taxable","13":"purchasable","14":"product-type-simple"},"acf":[],"_links":{"self":[{"href":"https:\/\/kingarms.ee\/lt\/wp-json\/wp\/v2\/product\/191361","targetHints":{"allow":["GET"]}}],"collection":[{"href":"https:\/\/kingarms.ee\/lt\/wp-json\/wp\/v2\/product"}],"about":[{"href":"https:\/\/kingarms.ee\/lt\/wp-json\/wp\/v2\/types\/product"}],"wp:featuredmedia":[{"embeddable":true,"href":"https:\/\/kingarms.ee\/lt\/wp-json\/wp\/v2\/media\/191625"}],"wp:attachment":[{"href":"https:\/\/kingarms.ee\/lt\/wp-json\/wp\/v2\/media?parent=191361"}],"wp:term":[{"taxonomy":"product_brand","embeddable":true,"href":"https:\/\/kingarms.ee\/lt\/wp-json\/wp\/v2\/product_brand?post=191361"},{"taxonomy":"product_cat","embeddable":true,"href":"https:\/\/kingarms.ee\/lt\/wp-json\/wp\/v2\/product_cat?post=191361"},{"taxonomy":"product_tag","embeddable":true,"href":"https:\/\/kingarms.ee\/lt\/wp-json\/wp\/v2\/product_tag?post=191361"}],"curies":[{"name":"wp","href":"https:\/\/api.w.org\/{rel}","templated":true}]}}