{"id":191416,"date":"2026-05-14T09:19:21","date_gmt":"2026-05-14T06:19:21","guid":{"rendered":"https:\/\/kingarms.ee\/product\/agn-technology-netvor-ps\/"},"modified":"2026-05-14T09:19:21","modified_gmt":"2026-05-14T06:19:21","slug":"agn-technology-netvor-ps","status":"publish","type":"product","link":"https:\/\/kingarms.ee\/lt\/product\/agn-technology-netvor-ps\/","title":{"rendered":"AGN Technology Netvor PS"},"content":{"rendered":"","protected":false},"excerpt":{"rendered":"<p data-start=\"200\" data-end=\"885\">AGN Technology Netvor PS \u2014 tai galingas 11,43 mm (.45) kalibro PCP pneumatinis \u0161autuvas, skirtas \u0161audyti slug tipo kulkomis naudojant vieno \u0161\u016bvio padavimo lovel\u012f. \u0160onin\u0117 u\u017etaisymo svirtis yra kair\u0117je korpuso pus\u0117je ir j\u0105 lengva valdyti, ypa\u010d kai \u0161autuvas stabiliai pastatomas ant bipodo, \u0161audymo atramos ar tripodo. Tam priekin\u0117s dalies apa\u010dioje \u012frengtas Weaver\/Picatinny pried\u0173 b\u0117gelis, leid\u017eiantis lengvai pritvirtinti bipod\u0105 ar kit\u0105 suderinam\u0105 atramin\u0119 \u012frang\u0105. Santrumpa PS modelio pavadinime rei\u0161kia Plastic Stock \u2014 \u0161i versija turi i\u0161 sintetin\u0117s med\u017eiagos pagamint\u0105 buo\u017e\u0119, kuri patogiai laikosi rankose ir tinka prakti\u0161kam naudojimui. Buo\u017e\u0117s gale yra gumin\u0117 atrama, leid\u017eianti patogiau priglausti \u0161autuv\u0105 prie peties.    <\/p>\n<p data-start=\"887\" data-end=\"1570\">Vir\u0161 veikimo mechanizmo \u012frengtas Weaver\/Picatinny optikos montavimo b\u0117gelis, leid\u017eiantis sumontuoti tinkam\u0105 optin\u012f taikikl\u012f ir i\u0161naudoti \u0161autuvo tikslumo potencial\u0105; optinis taikiklis \u012f komplekt\u0105 ne\u012feina. Po 860 mm ilgio vamzd\u017eiu yra 580 cc PCP cilindras, kurio u\u017epildymo sl\u0117gis siekia iki 300 bar. Kair\u0117je korpuso pus\u0117je esantis manometras leid\u017eia patikrinti likus\u012f sl\u0117g\u012f, o pati sistema sureguliuota ties 200 bar. AGN Technology Netvor PS pasiekia iki 610 J energij\u0105, sveria 4785 g, o bendras ilgis yra 1040 mm. Atvir\u0173 taikikli\u0173 n\u0117ra, abiem rankoms pritaikyta buo\u017e\u0117 pagaminta i\u0161 sintetin\u0117s med\u017eiagos. Vamzdis turi apsaugin\u012f barrel shroud gaubt\u0105, o gale yra 11\/16-24 UNEF sriegis su sriegio apsauga. Komplekte yra u\u017epildymo rinkinys, vamzd\u017eio stabdis, O-ring sandarikliai ir \u0161autuvo krep\u0161ys.      <\/p>\n","protected":false},"featured_media":191398,"template":"","meta":{"_acf_changed":false},"product_brand":[],"product_cat":[1146],"product_tag":[],"class_list":{"0":"post-191416","1":"product","2":"type-product","3":"status-publish","4":"has-post-thumbnail","6":"product_cat-pcp-hpa-lt","8":"first","9":"instock","10":"taxable","11":"shipping-taxable","12":"purchasable","13":"product-type-simple"},"acf":[],"_links":{"self":[{"href":"https:\/\/kingarms.ee\/lt\/wp-json\/wp\/v2\/product\/191416","targetHints":{"allow":["GET"]}}],"collection":[{"href":"https:\/\/kingarms.ee\/lt\/wp-json\/wp\/v2\/product"}],"about":[{"href":"https:\/\/kingarms.ee\/lt\/wp-json\/wp\/v2\/types\/product"}],"wp:featuredmedia":[{"embeddable":true,"href":"https:\/\/kingarms.ee\/lt\/wp-json\/wp\/v2\/media\/191398"}],"wp:attachment":[{"href":"https:\/\/kingarms.ee\/lt\/wp-json\/wp\/v2\/media?parent=191416"}],"wp:term":[{"taxonomy":"product_brand","embeddable":true,"href":"https:\/\/kingarms.ee\/lt\/wp-json\/wp\/v2\/product_brand?post=191416"},{"taxonomy":"product_cat","embeddable":true,"href":"https:\/\/kingarms.ee\/lt\/wp-json\/wp\/v2\/product_cat?post=191416"},{"taxonomy":"product_tag","embeddable":true,"href":"https:\/\/kingarms.ee\/lt\/wp-json\/wp\/v2\/product_tag?post=191416"}],"curies":[{"name":"wp","href":"https:\/\/api.w.org\/{rel}","templated":true}]}}