{"id":191472,"date":"2026-05-14T10:14:37","date_gmt":"2026-05-14T07:14:37","guid":{"rendered":"https:\/\/kingarms.ee\/product\/anschutz-9015-one-field-target\/"},"modified":"2026-05-14T10:14:37","modified_gmt":"2026-05-14T07:14:37","slug":"anschutz-9015-one-field-target","status":"publish","type":"product","link":"https:\/\/kingarms.ee\/lt\/product\/anschutz-9015-one-field-target\/","title":{"rendered":"Ansch\u00fctz 9015 ONE Field Target"},"content":{"rendered":"","protected":false},"excerpt":{"rendered":"<p data-start=\"296\" data-end=\"1028\">Ansch\u00fctz Model 9015 Field Target \u2014 tai auk\u0161tos klas\u0117s match tipo PCP pneumatinis \u0161autuvas, skirtas \u012fvairaus lygio \u0161auliams ir skirtingoms disciplinoms: nuo jaunimo iki suaugusi\u0173j\u0173, nuo vyresni\u0173 \u0161auli\u0173 iki benchrest sportinink\u0173. Naujai sukurta didelio na\u0161umo vamzd\u017eio sistema u\u017etikrina maksimal\u0173 tikslum\u0105 ir be atatrankos pagreitina 10,5 graino diabolo kulkas iki vidutinio ma\u017edaug 690 p\u0117d\u0173 per sekund\u0119 grei\u010dio. Reguliuojama PCP sistema veikia esant 200 bar u\u017epildymo sl\u0117giui ir leid\u017eia atlikti apie 100 \u0161\u016bvi\u0173 vienu u\u017epildymu. Modelio kalibras yra 4,5 mm (.177), energija \u2014 apie 15 J, u\u017etaisymas atliekamas \u0161onine svirtimi. \u0160autuvas neturi d\u0117tuv\u0117s ir atvir\u0173 taikikli\u0173, optinis taikiklis \u012f komplekt\u0105 ne\u012feina; optikai montuoti numatytas 11 mm Dovetail b\u0117gelis.    <\/p>\n<p data-start=\"1030\" data-end=\"1807\">9015 Field Target buo\u017e\u0117 sukurta vadovaujantis id\u0117ja, kad dizainas ir technologija turi veikti kartu kaip viena ergonomi\u0161ka sistema. Itin siaura ir inovatyvi konstrukcija suteikia \u0161auliui ne\u012fprast\u0105 laisv\u0117s poj\u016bt\u012f \u0161audymo pad\u0117tyje, o daugyb\u0117 nuosekli\u0173 reguliavimo galimybi\u0173 leid\u017eia labai tiksliai pritaikyti buo\u017e\u0119 pagal individuali\u0105 k\u016bno sandar\u0105, technik\u0105 ir asmeninius poreikius. Visos dalys, kurios tiesiogiai lie\u010diasi su \u0161aulio k\u016bnu, pagamintos i\u0161 auk\u0161tos kokyb\u0117s rie\u0161utmed\u017eio, tod\u0117l \u0161autuvas suteikia nat\u016bral\u0173 ir patog\u0173 poj\u016bt\u012f. Ner\u016bdijan\u010dio plieno ir didelio stiprumo aliuminio naudojimas suteikia Field Target buo\u017eei i\u0161skirtin\u012f stabilum\u0105, apsaug\u0105 nuo korozijos ir ilg\u0105 tarnavimo laik\u0105. \u0160autuvo svoris yra 1930 g, vamzd\u017eio ilgis \u2014 592 mm, o bendras ilgis reguliuojamas nuo 920 iki 1024 mm. Komplekte yra d\u0117klas, u\u017epildymo zondas ir \u012frankiai.      <\/p>\n","protected":false},"featured_media":191430,"template":"","meta":{"_acf_changed":false},"product_brand":[],"product_cat":[1142,1146],"product_tag":[],"class_list":{"0":"post-191472","1":"product","2":"type-product","3":"status-publish","4":"has-post-thumbnail","6":"product_cat-oro-ginklai","7":"product_cat-pcp-hpa-lt","9":"first","10":"instock","11":"taxable","12":"shipping-taxable","13":"purchasable","14":"product-type-simple"},"acf":[],"_links":{"self":[{"href":"https:\/\/kingarms.ee\/lt\/wp-json\/wp\/v2\/product\/191472","targetHints":{"allow":["GET"]}}],"collection":[{"href":"https:\/\/kingarms.ee\/lt\/wp-json\/wp\/v2\/product"}],"about":[{"href":"https:\/\/kingarms.ee\/lt\/wp-json\/wp\/v2\/types\/product"}],"wp:featuredmedia":[{"embeddable":true,"href":"https:\/\/kingarms.ee\/lt\/wp-json\/wp\/v2\/media\/191430"}],"wp:attachment":[{"href":"https:\/\/kingarms.ee\/lt\/wp-json\/wp\/v2\/media?parent=191472"}],"wp:term":[{"taxonomy":"product_brand","embeddable":true,"href":"https:\/\/kingarms.ee\/lt\/wp-json\/wp\/v2\/product_brand?post=191472"},{"taxonomy":"product_cat","embeddable":true,"href":"https:\/\/kingarms.ee\/lt\/wp-json\/wp\/v2\/product_cat?post=191472"},{"taxonomy":"product_tag","embeddable":true,"href":"https:\/\/kingarms.ee\/lt\/wp-json\/wp\/v2\/product_tag?post=191472"}],"curies":[{"name":"wp","href":"https:\/\/api.w.org\/{rel}","templated":true}]}}