{"id":191515,"date":"2026-05-14T10:27:11","date_gmt":"2026-05-14T07:27:11","guid":{"rendered":"https:\/\/kingarms.ee\/product\/fx-impact-m4-standard-copper\/"},"modified":"2026-05-14T10:27:11","modified_gmt":"2026-05-14T07:27:11","slug":"fx-impact-m4-standard-copper","status":"publish","type":"product","link":"https:\/\/kingarms.ee\/lt\/product\/fx-impact-m4-standard-copper\/","title":{"rendered":"FX Impact M4 Standard &#8211; Copper"},"content":{"rendered":"","protected":false},"excerpt":{"rendered":"<p data-start=\"287\" data-end=\"1211\">FX Impact M4 Standard Copper \u2014 tai ketvirtosios kartos vienos s\u0117kmingiausi\u0173 FX Airguns universali\u0173 PCP platform\u0173 versija. Ji sukurta kaip itin tiksli, modulin\u0117 ir pla\u010diai reguliuojama sistema, tinkama beveik visoms \u0161audymo disciplinoms \u2014 nuo benchrest iki sud\u0117tingesnio naudojimo lauko s\u0105lygomis. Lyginant su Impact M3, M4 versijoje atlikti ir dideli, ir subtilesni patobulinimai, kurie padidina konstrukcijos standum\u0105, veikimo stabilum\u0105 ir naudojimo patogum\u0105. Ankstesn\u0119 Dual Regulator sistem\u0105 pakeit\u0117 vienas stipresnis ir pastovesnis AMP MKIII reguliatorius su \u017ealvariniu st\u016bmokliu, u\u017etikrinantis geresn\u012f oro sraut\u0105 ir galintis dirbti iki 170 bar darbinio sl\u0117gio, o cilindro u\u017epildymo sl\u0117gis siekia 250 bar. 480 cc oro cilindras, 75 cc Power Plenum 750 oro kamera ir Superior STX vamzd\u017eio sistema suteikia didel\u0119 galios atsarg\u0105 tiek diabolo kulkoms, tiek sunkesniems slug tipo \u0161audmenims. Galimi kalibrai: 4,5 mm (.177), 5,5 mm (.22), 6,35 mm (.25), 7,62 mm (.30) ir 9 mm (.35), o energija, priklausomai nuo versijos, siekia iki 47, 60, 85, 130 arba 150 J.    <\/p>\n<p data-start=\"1213\" data-end=\"2291\">FX Impact M4 Standard Copper skirtas \u0161auliui, kuris nori tiksliai pritaikyti \u0161autuv\u0105 pagal disciplin\u0105, atstum\u0105 ir naudojamus \u0161audmenis. Reguliatorius reguliuojamas var\u017etu u\u017e nuleistuko, nuleistuko apsaugos viduje, vo\u017etuvo spyruokl\u0117s i\u0161ankstinis \u012ftempimas kei\u010diamas priekiniu galios reguliatoriumi, o sm\u016bgin\u0117s spyruokl\u0117s \u012ftempimas nustatomas Quick Tune sistema, kurioje makroreguliavimas turi 16 didesni\u0173 \u017eingsni\u0173, o mikroreguliavimas leid\u017eia atlikti itin tiksli\u0105 korekcij\u0105. Naujas Quick Set Trigger leid\u017eia vienu var\u017etu pereiti nuo ilgesnio ir nusp\u0117jamo nuleidimo, tinkamo lauko naudojimui, prie labai lengvo sportinio nuleidimo su \u0161variu, tarsi stiklo l\u016b\u017eiu; taip pat reguliuojama viso nuleistuko mazgo pad\u0117tis, abi pakopos, nuleistuko lie\u017euv\u0117lio auk\u0161tis ir pasukimas. Sustiprinta vir\u0161utin\u0117 plok\u0161t\u0117 tapo storesn\u0117 ir turi Dovetail b\u0117gel\u012f, kuriuo 30 MOA Picatinny b\u0117gel\u012f galima pastumti tiksliai \u012f norim\u0105 viet\u0105, suteikiant daugiau laisv\u0117s optikos montavimui ir platesn\u012f korekcij\u0173 diapazon\u0105 \u0161audant didesniais atstumais. \u0160onuose ir apa\u010dioje \u012frengti papildomi Picatinny pried\u0173 b\u0117geliai, \u012fskaitant viet\u0105 bipodui, taip pat yra \u012f abi puses perstatoma \u0161onin\u0117 u\u017etaisymo svirtis, auk\u0161\u010dio reguliavimo peties atrama, ergonomi\u0161ka AR15 stiliaus UG1 rankena ir atnaujinta didel\u0117s talpos d\u0117tuv\u0117 i\u0161 tvirtesni\u0173 med\u017eiag\u0173. \u0160autuvas sveria 3100 g, vamzd\u017eio ilgis yra 600 mm, bendras ilgis \u2014 860 mm; atvir\u0173 taikikli\u0173 ir optikos komplekte n\u0117ra, pridedamas d\u0117klas, u\u017epildymo adapteris ir d\u0117tuv\u0117.     <\/p>\n","protected":false},"featured_media":191479,"template":"","meta":{"_acf_changed":false},"product_brand":[],"product_cat":[1142,1146],"product_tag":[],"class_list":{"0":"post-191515","1":"product","2":"type-product","3":"status-publish","4":"has-post-thumbnail","6":"product_cat-oro-ginklai","7":"product_cat-pcp-hpa-lt","9":"first","10":"instock","11":"taxable","12":"shipping-taxable","13":"purchasable","14":"product-type-simple"},"acf":[],"_links":{"self":[{"href":"https:\/\/kingarms.ee\/lt\/wp-json\/wp\/v2\/product\/191515","targetHints":{"allow":["GET"]}}],"collection":[{"href":"https:\/\/kingarms.ee\/lt\/wp-json\/wp\/v2\/product"}],"about":[{"href":"https:\/\/kingarms.ee\/lt\/wp-json\/wp\/v2\/types\/product"}],"wp:featuredmedia":[{"embeddable":true,"href":"https:\/\/kingarms.ee\/lt\/wp-json\/wp\/v2\/media\/191479"}],"wp:attachment":[{"href":"https:\/\/kingarms.ee\/lt\/wp-json\/wp\/v2\/media?parent=191515"}],"wp:term":[{"taxonomy":"product_brand","embeddable":true,"href":"https:\/\/kingarms.ee\/lt\/wp-json\/wp\/v2\/product_brand?post=191515"},{"taxonomy":"product_cat","embeddable":true,"href":"https:\/\/kingarms.ee\/lt\/wp-json\/wp\/v2\/product_cat?post=191515"},{"taxonomy":"product_tag","embeddable":true,"href":"https:\/\/kingarms.ee\/lt\/wp-json\/wp\/v2\/product_tag?post=191515"}],"curies":[{"name":"wp","href":"https:\/\/api.w.org\/{rel}","templated":true}]}}